{"id":7172,"date":"2024-01-20T10:36:19","date_gmt":"2024-01-20T09:36:19","guid":{"rendered":"https:\/\/occitanie-gourmet.com\/?page_id=7172"},"modified":"2024-03-26T12:40:22","modified_gmt":"2024-03-26T11:40:22","slug":"conserves-de-poissons","status":"publish","type":"page","link":"https:\/\/occitanie-gourmet.com\/fr\/conserves-de-poissons\/","title":{"rendered":"Conserves de poissons"},"content":{"rendered":"\t\t<div data-elementor-type=\"wp-page\" data-elementor-id=\"7172\" class=\"elementor elementor-7172\" data-elementor-post-type=\"page\">\n\t\t\t\t<div class=\"elementor-element elementor-element-c2d453e e-flex e-con-boxed e-con e-parent\" data-id=\"c2d453e\" data-element_type=\"container\" data-settings=\"{&quot;background_background&quot;:&quot;classic&quot;}\">\n\t\t\t\t\t<div class=\"e-con-inner\">\n\t\t<div class=\"elementor-element elementor-element-43f02a3 e-con-full e-flex e-con e-child\" data-id=\"43f02a3\" data-element_type=\"container\">\n\t\t\t\t<\/div>\n\t\t<div class=\"elementor-element elementor-element-69a345d e-con-full e-flex e-con e-child\" data-id=\"69a345d\" data-element_type=\"container\">\n\t\t\t\t<div class=\"elementor-element elementor-element-594b8c6 elementor-position-left elementor-vertical-align-middle elementor-position-top elementor-widget elementor-widget-image-box\" data-id=\"594b8c6\" data-element_type=\"widget\" data-widget_type=\"image-box.default\">\n\t\t\t\t<div class=\"elementor-widget-container\">\n\t\t\t\t\t<div class=\"elementor-image-box-wrapper\"><figure class=\"elementor-image-box-img\"><img fetchpriority=\"high\" decoding=\"async\" width=\"2160\" height=\"2160\" src=\"https:\/\/occitanie-gourmet.com\/wp-content\/uploads\/2023\/12\/Conserves.png\" class=\"attachment-full size-full wp-image-6434\" alt=\"Picto conserves de poisson\" srcset=\"https:\/\/occitanie-gourmet.com\/wp-content\/uploads\/2023\/12\/Conserves.png 2160w, https:\/\/occitanie-gourmet.com\/wp-content\/uploads\/2023\/12\/Conserves-300x300.png 300w, https:\/\/occitanie-gourmet.com\/wp-content\/uploads\/2023\/12\/Conserves-1024x1024.png 1024w, https:\/\/occitanie-gourmet.com\/wp-content\/uploads\/2023\/12\/Conserves-150x150.png 150w, https:\/\/occitanie-gourmet.com\/wp-content\/uploads\/2023\/12\/Conserves-768x768.png 768w, https:\/\/occitanie-gourmet.com\/wp-content\/uploads\/2023\/12\/Conserves-180x180.png 180w, https:\/\/occitanie-gourmet.com\/wp-content\/uploads\/2023\/12\/Conserves-1536x1536.png 1536w, https:\/\/occitanie-gourmet.com\/wp-content\/uploads\/2023\/12\/Conserves-2048x2048.png 2048w, https:\/\/occitanie-gourmet.com\/wp-content\/uploads\/2023\/12\/Conserves-54x54.png 54w, https:\/\/occitanie-gourmet.com\/wp-content\/uploads\/2023\/12\/Conserves-310x310.png 310w, https:\/\/occitanie-gourmet.com\/wp-content\/uploads\/2023\/12\/Conserves-80x80.png 80w\" sizes=\"(max-width: 2160px) 100vw, 2160px\" \/><\/figure><div class=\"elementor-image-box-content\"><h1 class=\"elementor-image-box-title\">CONSERVES<br>DE POISSON<\/h1><\/div><\/div>\t\t\t\t<\/div>\n\t\t\t\t<\/div>\n\t\t\t\t<\/div>\n\t\t<div class=\"elementor-element elementor-element-def055e e-con-full e-flex e-con e-child\" data-id=\"def055e\" data-element_type=\"container\">\n\t\t\t\t<\/div>\n\t\t\t\t\t<\/div>\n\t\t\t\t<\/div>\n\t\t<div class=\"elementor-element elementor-element-beee0eb e-con-full e-flex e-con e-parent\" data-id=\"beee0eb\" data-element_type=\"container\" data-settings=\"{&quot;background_background&quot;:&quot;classic&quot;}\">\n\t\t\t\t<div class=\"elementor-element elementor-element-cc1b8b8 elementor-widget elementor-widget-heading\" data-id=\"cc1b8b8\" data-element_type=\"widget\" data-widget_type=\"heading.default\">\n\t\t\t\t<div class=\"elementor-widget-container\">\n\t\t\t\t\t<h2 class=\"elementor-heading-title elementor-size-default\">Entre la finesse du poisson et la subtilit\u00e9 des ingr\u00e9dients, r\u00e9galez-vous avec ces conserves de petits poissons <br>\u00e9lev\u00e9s dans les eaux pures des Pyr\u00e9n\u00e9es ! <\/h2>\t\t\t\t<\/div>\n\t\t\t\t<\/div>\n\t\t\t\t<\/div>\n\t\t<div class=\"elementor-element elementor-element-25e8037 e-con-full e-flex e-con e-parent\" data-id=\"25e8037\" data-element_type=\"container\">\n\t\t<div class=\"elementor-element elementor-element-8a27de1 e-con-full e-flex e-con e-child\" data-id=\"8a27de1\" data-element_type=\"container\">\n\t\t<div class=\"elementor-element elementor-element-063fd1f e-con-full e-flex e-con e-child\" data-id=\"063fd1f\" data-element_type=\"container\">\n\t\t\t\t<div class=\"elementor-element elementor-element-78671ad elementor-widget__width-initial elementor-widget elementor-widget-image\" data-id=\"78671ad\" data-element_type=\"widget\" data-widget_type=\"image.default\">\n\t\t\t\t<div class=\"elementor-widget-container\">\n\t\t\t\t\t\t\t\t\t\t\t\t\t\t\t<img decoding=\"async\" width=\"269\" height=\"269\" src=\"https:\/\/occitanie-gourmet.com\/wp-content\/uploads\/2024\/01\/Picto-menu-la-truitelle.jpg\" class=\"attachment-large size-large wp-image-7036\" alt=\"LOGO DE LA TRUITELLE\" srcset=\"https:\/\/occitanie-gourmet.com\/wp-content\/uploads\/2024\/01\/Picto-menu-la-truitelle.jpg 269w, https:\/\/occitanie-gourmet.com\/wp-content\/uploads\/2024\/01\/Picto-menu-la-truitelle-150x150.jpg 150w, https:\/\/occitanie-gourmet.com\/wp-content\/uploads\/2024\/01\/Picto-menu-la-truitelle-180x180.jpg 180w, https:\/\/occitanie-gourmet.com\/wp-content\/uploads\/2024\/01\/Picto-menu-la-truitelle-54x54.jpg 54w, https:\/\/occitanie-gourmet.com\/wp-content\/uploads\/2024\/01\/Picto-menu-la-truitelle-80x80.jpg 80w\" sizes=\"(max-width: 269px) 100vw, 269px\" \/>\t\t\t\t\t\t\t\t\t\t\t\t\t\t\t<\/div>\n\t\t\t\t<\/div>\n\t\t\t\t<\/div>\n\t\t<div class=\"elementor-element elementor-element-ef7d376 e-flex e-con-boxed e-con e-child\" data-id=\"ef7d376\" data-element_type=\"container\">\n\t\t\t\t\t<div class=\"e-con-inner\">\n\t\t\t\t<div class=\"elementor-element elementor-element-7172025 elementor-widget-mobile__width-inherit elementor-widget elementor-widget-heading\" data-id=\"7172025\" data-element_type=\"widget\" data-widget_type=\"heading.default\">\n\t\t\t\t<div class=\"elementor-widget-container\">\n\t\t\t\t\t<h2 class=\"elementor-heading-title elementor-size-default\">la truitelle<\/h2>\t\t\t\t<\/div>\n\t\t\t\t<\/div>\n\t\t\t\t\t<\/div>\n\t\t\t\t<\/div>\n\t\t<div class=\"elementor-element elementor-element-8711860 e-flex e-con-boxed e-con e-child\" data-id=\"8711860\" data-element_type=\"container\">\n\t\t\t\t\t<div class=\"e-con-inner\">\n\t\t\t\t<div class=\"elementor-element elementor-element-84abf03 elementor-widget__width-initial elementor-widget elementor-widget-text-editor\" data-id=\"84abf03\" data-element_type=\"widget\" data-widget_type=\"text-editor.default\">\n\t\t\t\t<div class=\"elementor-widget-container\">\n\t\t\t\t\t\t\t\t\t<p>Au c\u0153ur des Pyr\u00e9n\u00e9es, cette conserverie propose des gammes de produits gastronomiques et \u00e9cologiques \u00e0 base de petites truites de montagne.<\/p>\t\t\t\t\t\t\t\t<\/div>\n\t\t\t\t<\/div>\n\t\t\t\t\t<\/div>\n\t\t\t\t<\/div>\n\t\t<div class=\"elementor-element elementor-element-7a70de9 e-flex e-con-boxed e-con e-child\" data-id=\"7a70de9\" data-element_type=\"container\">\n\t\t\t\t\t<div class=\"e-con-inner\">\n\t\t\t\t<div class=\"elementor-element elementor-element-1bbddc4 elementor-mobile-align-center elementor-widget elementor-widget-button\" data-id=\"1bbddc4\" data-element_type=\"widget\" data-widget_type=\"button.default\">\n\t\t\t\t<div class=\"elementor-widget-container\">\n\t\t\t\t\t\t\t\t\t<div class=\"elementor-button-wrapper\">\n\t\t\t\t\t<a class=\"elementor-button elementor-button-link elementor-size-xs\" href=\"https:\/\/occitanie-gourmet.com\/fr\/la-truitelle\/\">\n\t\t\t\t\t\t<span class=\"elementor-button-content-wrapper\">\n\t\t\t\t\t\t\t\t\t<span class=\"elementor-button-text\">En savoir plus<\/span>\n\t\t\t\t\t<\/span>\n\t\t\t\t\t<\/a>\n\t\t\t\t<\/div>\n\t\t\t\t\t\t\t\t<\/div>\n\t\t\t\t<\/div>\n\t\t\t\t\t<\/div>\n\t\t\t\t<\/div>\n\t\t\t\t<\/div>\n\t\t<div class=\"elementor-element elementor-element-4afe91c e-con-full e-flex e-con e-child\" data-id=\"4afe91c\" data-element_type=\"container\">\n\t\t<div class=\"elementor-element elementor-element-20f7afd e-con-full e-flex e-con e-child\" data-id=\"20f7afd\" data-element_type=\"container\">\n\t\t\t\t<div class=\"elementor-element elementor-element-5987366 elementor-widget elementor-widget-image\" data-id=\"5987366\" data-element_type=\"widget\" data-widget_type=\"image.default\">\n\t\t\t\t<div class=\"elementor-widget-container\">\n\t\t\t\t\t\t\t\t\t\t\t\t\t\t\t<img decoding=\"async\" width=\"1343\" height=\"1034\" src=\"https:\/\/occitanie-gourmet.com\/wp-content\/uploads\/2024\/02\/Photo-letruitelle.jpg\" class=\"attachment-full size-full wp-image-11038\" alt=\"Image plat de la truitelle\" srcset=\"https:\/\/occitanie-gourmet.com\/wp-content\/uploads\/2024\/02\/Photo-letruitelle.jpg 1343w, https:\/\/occitanie-gourmet.com\/wp-content\/uploads\/2024\/02\/Photo-letruitelle-300x231.jpg 300w, https:\/\/occitanie-gourmet.com\/wp-content\/uploads\/2024\/02\/Photo-letruitelle-1024x788.jpg 1024w, https:\/\/occitanie-gourmet.com\/wp-content\/uploads\/2024\/02\/Photo-letruitelle-768x591.jpg 768w\" sizes=\"(max-width: 1343px) 100vw, 1343px\" \/>\t\t\t\t\t\t\t\t\t\t\t\t\t\t\t<\/div>\n\t\t\t\t<\/div>\n\t\t\t\t<\/div>\n\t\t\t\t<\/div>\n\t\t\t\t<\/div>\n\t\t\t\t<\/div>\n\t\t","protected":false},"excerpt":{"rendered":"<p>CONSERVESDE POISSON Entre la finesse du poisson et la subtilit\u00e9 des ingr\u00e9dients, r\u00e9galez-vous avec ces conserves de petits poissons \u00e9lev\u00e9s dans les eaux pures des Pyr\u00e9n\u00e9es ! la truitelle Au c\u0153ur des Pyr\u00e9n\u00e9es, cette conserverie propose des gammes de produits gastronomiques et \u00e9cologiques \u00e0 base de petites truites de montagne. En savoir plus<\/p>\n","protected":false},"author":1,"featured_media":0,"parent":0,"menu_order":0,"comment_status":"closed","ping_status":"closed","template":"","meta":{"footnotes":""},"class_list":["post-7172","page","type-page","status-publish","hentry"],"yoast_head":"<!-- This site is optimized with the Yoast SEO plugin v25.5 - https:\/\/yoast.com\/wordpress\/plugins\/seo\/ -->\n<title>Conserves de poissons - Occitanie Gourmet<\/title>\n<meta name=\"robots\" content=\"index, follow, max-snippet:-1, max-image-preview:large, max-video-preview:-1\" \/>\n<link rel=\"canonical\" href=\"https:\/\/occitanie-gourmet.com\/fr\/conserves-de-poissons\/\" \/>\n<meta property=\"og:locale\" content=\"fr_FR\" \/>\n<meta property=\"og:type\" content=\"article\" \/>\n<meta property=\"og:title\" content=\"Conserves de poissons - Occitanie Gourmet\" \/>\n<meta property=\"og:description\" content=\"CONSERVESDE POISSON Entre la finesse du poisson et la subtilit\u00e9 des ingr\u00e9dients, r\u00e9galez-vous avec ces conserves de petits poissons \u00e9lev\u00e9s dans les eaux pures des Pyr\u00e9n\u00e9es ! la truitelle Au c\u0153ur des Pyr\u00e9n\u00e9es, cette conserverie propose des gammes de produits gastronomiques et \u00e9cologiques \u00e0 base de petites truites de montagne. En savoir plus\" \/>\n<meta property=\"og:url\" content=\"https:\/\/occitanie-gourmet.com\/fr\/conserves-de-poissons\/\" \/>\n<meta property=\"og:site_name\" content=\"Occitanie Gourmet\" \/>\n<meta property=\"article:modified_time\" content=\"2024-03-26T11:40:22+00:00\" \/>\n<meta property=\"og:image\" content=\"https:\/\/occitanie-gourmet.com\/wp-content\/uploads\/2023\/12\/Conserves.png\" \/>\n<meta name=\"twitter:card\" content=\"summary_large_image\" \/>\n<meta name=\"twitter:label1\" content=\"Dur\u00e9e de lecture estim\u00e9e\" \/>\n\t<meta name=\"twitter:data1\" content=\"1 minute\" \/>\n<script type=\"application\/ld+json\" class=\"yoast-schema-graph\">{\"@context\":\"https:\/\/schema.org\",\"@graph\":[{\"@type\":\"WebPage\",\"@id\":\"https:\/\/occitanie-gourmet.com\/fr\/conserves-de-poissons\/\",\"url\":\"https:\/\/occitanie-gourmet.com\/fr\/conserves-de-poissons\/\",\"name\":\"Conserves de poissons - Occitanie Gourmet\",\"isPartOf\":{\"@id\":\"https:\/\/occitanie-gourmet.com\/fr\/#website\"},\"primaryImageOfPage\":{\"@id\":\"https:\/\/occitanie-gourmet.com\/fr\/conserves-de-poissons\/#primaryimage\"},\"image\":{\"@id\":\"https:\/\/occitanie-gourmet.com\/fr\/conserves-de-poissons\/#primaryimage\"},\"thumbnailUrl\":\"https:\/\/occitanie-gourmet.com\/wp-content\/uploads\/2023\/12\/Conserves.png\",\"datePublished\":\"2024-01-20T09:36:19+00:00\",\"dateModified\":\"2024-03-26T11:40:22+00:00\",\"breadcrumb\":{\"@id\":\"https:\/\/occitanie-gourmet.com\/fr\/conserves-de-poissons\/#breadcrumb\"},\"inLanguage\":\"fr-FR\",\"potentialAction\":[{\"@type\":\"ReadAction\",\"target\":[\"https:\/\/occitanie-gourmet.com\/fr\/conserves-de-poissons\/\"]}]},{\"@type\":\"ImageObject\",\"inLanguage\":\"fr-FR\",\"@id\":\"https:\/\/occitanie-gourmet.com\/fr\/conserves-de-poissons\/#primaryimage\",\"url\":\"https:\/\/occitanie-gourmet.com\/wp-content\/uploads\/2023\/12\/Conserves.png\",\"contentUrl\":\"https:\/\/occitanie-gourmet.com\/wp-content\/uploads\/2023\/12\/Conserves.png\"},{\"@type\":\"BreadcrumbList\",\"@id\":\"https:\/\/occitanie-gourmet.com\/fr\/conserves-de-poissons\/#breadcrumb\",\"itemListElement\":[{\"@type\":\"ListItem\",\"position\":1,\"name\":\"Accueil\",\"item\":\"https:\/\/occitanie-gourmet.com\/fr\/\"},{\"@type\":\"ListItem\",\"position\":2,\"name\":\"Conserves de poissons\"}]},{\"@type\":\"WebSite\",\"@id\":\"https:\/\/occitanie-gourmet.com\/fr\/#website\",\"url\":\"https:\/\/occitanie-gourmet.com\/fr\/\",\"name\":\"Occitanie Gourmet\",\"description\":\"Producteurs d&#039;exception\",\"publisher\":{\"@id\":\"https:\/\/occitanie-gourmet.com\/fr\/#organization\"},\"alternateName\":\"Occitanie Gourmet\",\"potentialAction\":[{\"@type\":\"SearchAction\",\"target\":{\"@type\":\"EntryPoint\",\"urlTemplate\":\"https:\/\/occitanie-gourmet.com\/fr\/?s={search_term_string}\"},\"query-input\":{\"@type\":\"PropertyValueSpecification\",\"valueRequired\":true,\"valueName\":\"search_term_string\"}}],\"inLanguage\":\"fr-FR\"},{\"@type\":\"Organization\",\"@id\":\"https:\/\/occitanie-gourmet.com\/fr\/#organization\",\"name\":\"Occitanie Gourmet\",\"url\":\"https:\/\/occitanie-gourmet.com\/fr\/\",\"logo\":{\"@type\":\"ImageObject\",\"inLanguage\":\"fr-FR\",\"@id\":\"https:\/\/occitanie-gourmet.com\/fr\/#\/schema\/logo\/image\/\",\"url\":\"https:\/\/occitanie-gourmet.com\/wp-content\/uploads\/2021\/01\/logo-entier-sanguine.png\",\"contentUrl\":\"https:\/\/occitanie-gourmet.com\/wp-content\/uploads\/2021\/01\/logo-entier-sanguine.png\",\"width\":159,\"height\":100,\"caption\":\"Occitanie Gourmet\"},\"image\":{\"@id\":\"https:\/\/occitanie-gourmet.com\/fr\/#\/schema\/logo\/image\/\"},\"sameAs\":[\"https:\/\/www.linkedin.com\/company\/occitanie-gourmet\/\"]}]}<\/script>\n<!-- \/ Yoast SEO plugin. -->","yoast_head_json":{"title":"Conserves de poissons - Occitanie Gourmet","robots":{"index":"index","follow":"follow","max-snippet":"max-snippet:-1","max-image-preview":"max-image-preview:large","max-video-preview":"max-video-preview:-1"},"canonical":"https:\/\/occitanie-gourmet.com\/fr\/conserves-de-poissons\/","og_locale":"fr_FR","og_type":"article","og_title":"Conserves de poissons - Occitanie Gourmet","og_description":"CONSERVESDE POISSON Entre la finesse du poisson et la subtilit\u00e9 des ingr\u00e9dients, r\u00e9galez-vous avec ces conserves de petits poissons \u00e9lev\u00e9s dans les eaux pures des Pyr\u00e9n\u00e9es ! la truitelle Au c\u0153ur des Pyr\u00e9n\u00e9es, cette conserverie propose des gammes de produits gastronomiques et \u00e9cologiques \u00e0 base de petites truites de montagne. En savoir plus","og_url":"https:\/\/occitanie-gourmet.com\/fr\/conserves-de-poissons\/","og_site_name":"Occitanie Gourmet","article_modified_time":"2024-03-26T11:40:22+00:00","og_image":[{"url":"https:\/\/occitanie-gourmet.com\/wp-content\/uploads\/2023\/12\/Conserves.png","type":"","width":"","height":""}],"twitter_card":"summary_large_image","twitter_misc":{"Dur\u00e9e de lecture estim\u00e9e":"1 minute"},"schema":{"@context":"https:\/\/schema.org","@graph":[{"@type":"WebPage","@id":"https:\/\/occitanie-gourmet.com\/fr\/conserves-de-poissons\/","url":"https:\/\/occitanie-gourmet.com\/fr\/conserves-de-poissons\/","name":"Conserves de poissons - Occitanie Gourmet","isPartOf":{"@id":"https:\/\/occitanie-gourmet.com\/fr\/#website"},"primaryImageOfPage":{"@id":"https:\/\/occitanie-gourmet.com\/fr\/conserves-de-poissons\/#primaryimage"},"image":{"@id":"https:\/\/occitanie-gourmet.com\/fr\/conserves-de-poissons\/#primaryimage"},"thumbnailUrl":"https:\/\/occitanie-gourmet.com\/wp-content\/uploads\/2023\/12\/Conserves.png","datePublished":"2024-01-20T09:36:19+00:00","dateModified":"2024-03-26T11:40:22+00:00","breadcrumb":{"@id":"https:\/\/occitanie-gourmet.com\/fr\/conserves-de-poissons\/#breadcrumb"},"inLanguage":"fr-FR","potentialAction":[{"@type":"ReadAction","target":["https:\/\/occitanie-gourmet.com\/fr\/conserves-de-poissons\/"]}]},{"@type":"ImageObject","inLanguage":"fr-FR","@id":"https:\/\/occitanie-gourmet.com\/fr\/conserves-de-poissons\/#primaryimage","url":"https:\/\/occitanie-gourmet.com\/wp-content\/uploads\/2023\/12\/Conserves.png","contentUrl":"https:\/\/occitanie-gourmet.com\/wp-content\/uploads\/2023\/12\/Conserves.png"},{"@type":"BreadcrumbList","@id":"https:\/\/occitanie-gourmet.com\/fr\/conserves-de-poissons\/#breadcrumb","itemListElement":[{"@type":"ListItem","position":1,"name":"Accueil","item":"https:\/\/occitanie-gourmet.com\/fr\/"},{"@type":"ListItem","position":2,"name":"Conserves de poissons"}]},{"@type":"WebSite","@id":"https:\/\/occitanie-gourmet.com\/fr\/#website","url":"https:\/\/occitanie-gourmet.com\/fr\/","name":"Occitanie Gourmet","description":"Producteurs d&#039;exception","publisher":{"@id":"https:\/\/occitanie-gourmet.com\/fr\/#organization"},"alternateName":"Occitanie Gourmet","potentialAction":[{"@type":"SearchAction","target":{"@type":"EntryPoint","urlTemplate":"https:\/\/occitanie-gourmet.com\/fr\/?s={search_term_string}"},"query-input":{"@type":"PropertyValueSpecification","valueRequired":true,"valueName":"search_term_string"}}],"inLanguage":"fr-FR"},{"@type":"Organization","@id":"https:\/\/occitanie-gourmet.com\/fr\/#organization","name":"Occitanie Gourmet","url":"https:\/\/occitanie-gourmet.com\/fr\/","logo":{"@type":"ImageObject","inLanguage":"fr-FR","@id":"https:\/\/occitanie-gourmet.com\/fr\/#\/schema\/logo\/image\/","url":"https:\/\/occitanie-gourmet.com\/wp-content\/uploads\/2021\/01\/logo-entier-sanguine.png","contentUrl":"https:\/\/occitanie-gourmet.com\/wp-content\/uploads\/2021\/01\/logo-entier-sanguine.png","width":159,"height":100,"caption":"Occitanie Gourmet"},"image":{"@id":"https:\/\/occitanie-gourmet.com\/fr\/#\/schema\/logo\/image\/"},"sameAs":["https:\/\/www.linkedin.com\/company\/occitanie-gourmet\/"]}]}},"_links":{"self":[{"href":"https:\/\/occitanie-gourmet.com\/fr\/wp-json\/wp\/v2\/pages\/7172","targetHints":{"allow":["GET"]}}],"collection":[{"href":"https:\/\/occitanie-gourmet.com\/fr\/wp-json\/wp\/v2\/pages"}],"about":[{"href":"https:\/\/occitanie-gourmet.com\/fr\/wp-json\/wp\/v2\/types\/page"}],"author":[{"embeddable":true,"href":"https:\/\/occitanie-gourmet.com\/fr\/wp-json\/wp\/v2\/users\/1"}],"replies":[{"embeddable":true,"href":"https:\/\/occitanie-gourmet.com\/fr\/wp-json\/wp\/v2\/comments?post=7172"}],"version-history":[{"count":455,"href":"https:\/\/occitanie-gourmet.com\/fr\/wp-json\/wp\/v2\/pages\/7172\/revisions"}],"predecessor-version":[{"id":16559,"href":"https:\/\/occitanie-gourmet.com\/fr\/wp-json\/wp\/v2\/pages\/7172\/revisions\/16559"}],"wp:attachment":[{"href":"https:\/\/occitanie-gourmet.com\/fr\/wp-json\/wp\/v2\/media?parent=7172"}],"curies":[{"name":"wp","href":"https:\/\/api.w.org\/{rel}","templated":true}]}}