{"id":6344,"date":"2021-01-17T05:06:12","date_gmt":"2021-01-17T05:06:12","guid":{"rendered":"https:\/\/occitanie-gourmet.com\/?page_id=3"},"modified":"2024-03-04T14:11:29","modified_gmt":"2024-03-04T13:11:29","slug":"politique-confidentialite","status":"publish","type":"page","link":"https:\/\/occitanie-gourmet.com\/fr\/politique-confidentialite\/","title":{"rendered":"Politique de confidentialit\u00e9"},"content":{"rendered":"\t\t<div data-elementor-type=\"wp-page\" data-elementor-id=\"6344\" class=\"elementor elementor-6344\" data-elementor-post-type=\"page\">\n\t\t\t\t<div class=\"elementor-element elementor-element-4510eee e-flex e-con-boxed e-con e-parent\" data-id=\"4510eee\" data-element_type=\"container\">\n\t\t\t\t\t<div class=\"e-con-inner\">\n\t\t\t\t<div class=\"elementor-element elementor-element-3d5dcd2 elementor-widget elementor-widget-text-editor\" data-id=\"3d5dcd2\" data-element_type=\"widget\" data-widget_type=\"text-editor.default\">\n\t\t\t\t<div class=\"elementor-widget-container\">\n\t\t\t\t\t\t\t\t\t<p>Le pr\u00e9sent site web, accessible \u00e0 l\u2019adresse&nbsp;www.occitanie-gourmet.com, est exploit\u00e9 dans le respect de la l\u00e9gislation fran\u00e7aise.&nbsp;L\u2019utilisation de ce site est r\u00e9gie par les pr\u00e9sentes conditions g\u00e9n\u00e9rales.<\/p>\n<p>En utilisant le site, vous reconnaissez avoir pris connaissance de ces conditions et les avoir accept\u00e9es.<\/p>\n<p>Celles-ci pourront \u00eatre modifi\u00e9es \u00e0 tout moment et sans pr\u00e9avis par la structure Occitanie Gourmet<\/p>\n<h3><strong>EDITEUR DU SITE<\/strong><\/h3>\n<p>Occitanie Gourmet<\/p>\n<p>Adresse :&nbsp;Bonzoumet Le Petit 53 Route de Toulouse 31310 Montesquieu-Volvestre<\/p>\n<p>T\u00e9l\u00e9phone&nbsp;: 06 27 22 51 44<\/p>\n<p>Mail&nbsp;: commercial@occitanie-gourmet.com<\/p>\n<p>Siret&nbsp;:&nbsp;98463994800012<\/p>\n<h3>CONDITIONS GENERALES D\u2019UTILISATION DU SITE<\/h3>\n<p>Le site constitue une \u0153uvre de l\u2019esprit prot\u00e9g\u00e9e par les dispositions du Code de la Propri\u00e9t\u00e9 Intellectuelle et des R\u00e9glementations Internationales applicables.<\/p>\n<p>Le Client ne peut en aucune mani\u00e8re r\u00e9utiliser, c\u00e9der ou exploiter pour son propre compte tout ou partie des \u00e9l\u00e9ments ou travaux du Site<\/p>\n<p>L\u2019utilisation du site&nbsp;occitanie-gourmet&nbsp;implique l\u2019acceptation pleine et enti\u00e8re des conditions g\u00e9n\u00e9rales d\u2019utilisation ci-apr\u00e8s d\u00e9crites. Ces conditions d\u2019utilisation sont susceptibles d\u2019\u00eatre modifi\u00e9es ou compl\u00e9t\u00e9es \u00e0 tout moment, les utilisateurs du site&nbsp;occitanie-gourmet&nbsp;sont donc invit\u00e9s \u00e0 les consulter de mani\u00e8re r\u00e9guli\u00e8re.<\/p>\n<p>Ce site internet est normalement accessible \u00e0 tout moment aux utilisateurs. Une interruption pour raison de maintenance technique peut \u00eatre toutefois d\u00e9cid\u00e9e par OCCITANIE GOURMET qui s\u2019efforcera alors de communiquer pr\u00e9alablement aux utilisateurs les dates et heures de l\u2019intervention<\/p>\n<p>Le site occitanie-gourmet est mis \u00e0 jour r\u00e9guli\u00e8rement par le responsable d\u2019OCCITANIE GOURMET. De la m\u00eame fa\u00e7on, les mentions l\u00e9gales peuvent \u00eatre modifi\u00e9es \u00e0 tout moment : elles s\u2019imposent n\u00e9anmoins \u00e0 l\u2019utilisateur qui est invit\u00e9 \u00e0 s\u2019y r\u00e9f\u00e9rer le plus souvent possible afin d\u2019en prendre connaissance.<\/p>\n<h3>LIMITATION DE RESPONSABILITE<\/h3>\n<p>Le site internet&nbsp;occitanie-gourmet&nbsp;a pour objet de fournir une information concernant l\u2019ensemble des activit\u00e9s de la soci\u00e9t\u00e9.<br>OCCITANIE GOURMET s\u2019efforce de fournir sur le site&nbsp;occitanie-gourmet&nbsp;des informations aussi pr\u00e9cises que possible. Toutefois, il ne pourra \u00eatre tenu responsable des oublis, des inexactitudes et des carences dans la mise \u00e0 jour, qu\u2019elles soient de son fait ou du fait des tiers partenaires qui lui fournissent ces informations.<\/p>\n<p>Toutes les informations indiqu\u00e9es sur le site&nbsp;occitanie-gourmet&nbsp;sont donn\u00e9es \u00e0 titre indicatif, et sont susceptibles d\u2019\u00e9voluer. Par ailleurs, les renseignements figurant sur le site&nbsp;occitanie-gourmet&nbsp;ne sont pas exhaustifs. Ils sont donn\u00e9s sous r\u00e9serve de modifications ayant \u00e9t\u00e9 apport\u00e9es depuis leur mise en ligne.<\/p>\n<h3>PROPRIETE INTELLECTUELLE<\/h3>\n<p>OCCITANIE GOURMET est propri\u00e9taire des droits de propri\u00e9t\u00e9 intellectuelle et d\u00e9tient les droits d\u2019usage sur tous les \u00e9l\u00e9ments accessibles sur le site internet, notamment les textes, images, graphismes, logos, vid\u00e9os, ic\u00f4nes et sons.<\/p>\n<p>Toute reproduction, repr\u00e9sentation, modification, publication, adaptation de tout ou partie des \u00e9l\u00e9ments du site, quel que soit le moyen ou le proc\u00e9d\u00e9 utilis\u00e9, est interdite, sauf autorisation \u00e9crite pr\u00e9alable&nbsp;: mail \u00e0 mettre<\/p>\n<p>Toute exploitation non autoris\u00e9e du site ou de l\u2019un quelconque des \u00e9l\u00e9ments qu\u2019il contient sera consid\u00e9r\u00e9e comme constitutive d\u2019une contrefa\u00e7on et poursuivie conform\u00e9ment aux dispositions des articles L.335-2 et suivants du Code de Propri\u00e9t\u00e9 Intellectuelle.<\/p>\n<h3>DONNEES PERSONNELLES<\/h3>\n<p>Le Client est inform\u00e9 des r\u00e9glementations concernant la communication marketing, la loi du 21 Juin 2014 pour la confiance dans l\u2019\u00c9conomie Num\u00e9rique, la Loi Informatique et Libert\u00e9 du 06 Ao\u00fbt 2004 ainsi que du R\u00e8glement G\u00e9n\u00e9ral sur la Protection des Donn\u00e9es (RGPD : n\u00b0 2016-679).<\/p>\n<h3>IDENTIT\u00c9 ET COORDONN\u00c9ES DU RESPONSABLE DES TRAITEMENTS :<\/h3>\n<p>GIE Occitanie Gourmet Bonzoumet Le Petit 53 Route de Toulouse 31310 Montesquieu-Volvestre<\/p>\n<p>En tant que responsable du traitement des donn\u00e9es qu\u2019il collecte, OCCITANIE GOURMET s\u2019engage \u00e0 respecter le cadre des dispositions l\u00e9gales en vigueur. Il lui appartient notamment au Client d\u2019\u00e9tablir les finalit\u00e9s de ses traitements de donn\u00e9es, de fournir \u00e0 ses prospects et clients, \u00e0 partir de la collecte de leurs consentements, une information compl\u00e8te sur le traitement de leurs donn\u00e9es personnelles et de maintenir un registre des traitements conforme \u00e0 la r\u00e9alit\u00e9.<\/p>\n<p>A chaque fois que OCCITANIE GOURMET traite des Donn\u00e9es Personnelles, OCCITANIE GOURMET prend toutes les mesures raisonnables pour s\u2019assurer de l\u2019exactitude et de la pertinence des Donn\u00e9es Personnelles au regard des finalit\u00e9s pour lesquelles OCCITANIE GOURMET les traite.<\/p>\n<p>OCCITANIE GOURMET est susceptible de traiter tout ou partie des donn\u00e9es&nbsp;:<\/p>\n<ul>\n<li>permettre la navigation sur le Site et la gestion et la tra\u00e7abilit\u00e9 des prestations et services command\u00e9s par l\u2019utilisateur : donn\u00e9es de connexion et d\u2019utilisation du Site, facturation, historique des commandes\u2026<\/li>\n<li>pour pr\u00e9venir et lutter contre la fraude informatique (spamming, hacking\u2026) : mat\u00e9riel informatique utilis\u00e9 pour la navigation, l\u2019adresse IP, le mot de passe (hash\u00e9)\u2026<\/li>\n<li>pour am\u00e9liorer la navigation sur le Site : donn\u00e9es de connexion et d\u2019utilisation<\/li>\n<li>pour mener des enqu\u00eates de satisfaction facultatives sur OCCITANIE GOURMET : adresse email<\/li>\n<li>pour mener des campagnes de communication (sms, mail)&nbsp;: num\u00e9ro de t\u00e9l\u00e9phone, adresse mail<\/li>\n<li>pour mener des campagnes de prospection \u00e0 des fins commerciales<\/li>\n<\/ul>\n<h3>DROITS D\u2019ACCES, DE RECTIFICATION ET D\u2019OPPOSITION<\/h3>\n<p>Conform\u00e9ment \u00e0 la r\u00e9glementation europ\u00e9enne en vigueur, les utilisateurs du site occitanie\u00ad-gourmet disposent des droits suivants&nbsp;:<\/p>\n<ul>\n<li>Droit d\u2019acc\u00e8s (article 15 RGPD) et de rectification (article 16 RGPD), de mise \u00e0 jour, de compl\u00e9tude des donn\u00e9es des Utilisateurs droit de verrouillage ou d\u2019effacement des donn\u00e9es des Utilisateurs \u00e0 caract\u00e8re personnel (article 17 du RGPD), lorsqu\u2019elles sont inexactes, incompl\u00e8tes, \u00e9quivoques, p\u00e9rim\u00e9es, ou dont la collecte, l\u2019utilisation, la communication ou la conservation est interdite<\/li>\n<li>droit de retirer \u00e0 tout moment un consentement (article 13-2c RGPD)<\/li>\n<li>droit \u00e0 la limitation du traitement des donn\u00e9es des Utilisateurs (article 18 RGPD)<\/li>\n<li>droit d\u2019opposition au traitement des donn\u00e9es des Utilisateurs (article 21 RGPD)<\/li>\n<li>droit \u00e0 la portabilit\u00e9 des donn\u00e9es que les Utilisateurs auront fournies, lorsque ces donn\u00e9es font l\u2019objet de traitements automatis\u00e9s fond\u00e9s sur leur consentement ou sur un contrat (article 20 RGPD)<\/li>\n<li>droit de d\u00e9finir le sort des donn\u00e9es des Utilisateurs apr\u00e8s leur mort et de choisir \u00e0 qui SAVEURS DES PYR\u00c9N\u00c9ES devra communiquer (ou non) ses donn\u00e9es \u00e0 un tiers qu\u2019ils aura pr\u00e9alablement d\u00e9sign\u00e9.<\/li>\n<\/ul>\n<p>Si l\u2019Utilisateur souhaite savoir comment OCCITANIE GOURMET utilise ses Donn\u00e9es Personnelles, demander \u00e0 les rectifier ou s\u2019oppose \u00e0 leur traitement, l\u2019Utilisateur peut contacter OCCITANIE GOURMET par mail ou courrier postal \u00e0 l\u2019adresse&nbsp;:<\/p>\n<p>Mettre les infos<\/p>\n<p>Dans ce cas, l\u2019Utilisateur doit indiquer les Donn\u00e9es Personnelles qu\u2019il souhaiterait que OCCITANIE GOURMET corrige, mette \u00e0 jour ou supprime, en s\u2019identifiant pr\u00e9cis\u00e9ment avec une copie d\u2019une pi\u00e8ce d\u2019identit\u00e9 (carte d\u2019identit\u00e9 ou passeport).<\/p>\n<p>Les demandes de suppression de Donn\u00e9es Personnelles seront soumises aux obligations qui sont impos\u00e9es \u00e0 OCCITANIE GOURMET par la loi, notamment en mati\u00e8re de conservation ou d\u2019archivage des documents. Enfin, les Utilisateurs de OCCITANIE GOURMET peuvent d\u00e9poser une r\u00e9clamation aupr\u00e8s des autorit\u00e9s de contr\u00f4le, et notamment de la CNIL&nbsp;<a href=\"https:\/\/www.cnil.fr\/fr\/plaintes\">https:\/\/www.cnil.fr\/fr\/plaintes<\/a>.<\/p>\n<h3>NON-COMMUNICATION DES DONNEES PERSONNELLES<\/h3>\n<p>OCCITANIE GOURMET s\u2019interdit de traiter, h\u00e9berger ou transf\u00e9rer les Informations collect\u00e9es sur ses Clients vers un pays situ\u00e9 en dehors de l\u2019Union europ\u00e9enne ou reconnu comme \u00ab non ad\u00e9quat \u00bb par la Commission europ\u00e9enne sans en informer pr\u00e9alablement le client. Pour autant, OCCITANIE GOURMET reste libre du choix de ses sous-traitants techniques et commerciaux \u00e0 la condition qu\u2019ils pr\u00e9sentent les garanties suffisantes au regard des exigences du R\u00e8glement G\u00e9n\u00e9ral sur la Protection des Donn\u00e9es (RGPD : n\u00b0 2016-679).<\/p>\n<p>OCCITANIE GOURMET s\u2019engage \u00e0 prendre toutes les pr\u00e9cautions n\u00e9cessaires afin de pr\u00e9server la s\u00e9curit\u00e9 des Informations et notamment qu\u2019elles ne soient pas communiqu\u00e9es \u00e0 des personnes non autoris\u00e9es. Cependant, si un incident impactant l\u2019int\u00e9grit\u00e9 ou la confidentialit\u00e9 des Informations du Client est port\u00e9e \u00e0 la connaissance de OCCITANIE GOURMET, celle-ci devra dans les meilleurs d\u00e9lais informer le Client et lui communiquer les mesures de corrections prises. Par ailleurs OCCITANIE GOURMET ne collecte aucune \u00ab donn\u00e9es sensibles \u00bb.<\/p>\n<p>Les donn\u00e9es personnelles de l\u2019utilisateur peuvent \u00eatre trait\u00e9es par des filiales de OCCITANIE GOURMET et des sous-traitants (prestataires de services), exclusivement afin de r\u00e9aliser les finalit\u00e9s de la pr\u00e9sente politique.<\/p>\n<p>Dans la limite de leurs attributions respectives et pour les finalit\u00e9s rappel\u00e9es ci-dessus, les principales personnes susceptibles d\u2019avoir acc\u00e8s aux donn\u00e9es des Utilisateurs de OCCITANIE GOURMET sont principalement les agents de notre service client.<\/p>\n<h3>LIENS HYPERTEXTES, COOKIES<\/h3>\n<p><span style=\"text-decoration: underline;\">-Liens hypertextes<\/span><\/p>\n<p>Le site occitanie-gourmet contient un certain nombre de liens hypertextes vers d\u2019autres sites, mis en place avec l\u2019autorisation de OCCITANIE GOURMET. Cependant, OCCITANIE GOURMET n\u2019a pas la possibilit\u00e9 de v\u00e9rifier le contenu des sites ainsi visit\u00e9s, et n\u2019assumera en cons\u00e9quence aucune responsabilit\u00e9 de ce fait.<\/p>\n<p>Sauf si vous d\u00e9cidez de d\u00e9sactiver les cookies, vous acceptez que le site puisse les utiliser. Vous pouvez \u00e0 tout moment d\u00e9sactiver ces cookies et ce gratuitement \u00e0 partir des possibilit\u00e9s de d\u00e9sactivation qui vous sont offertes et rappel\u00e9es ci-apr\u00e8s, sachant que cela peut r\u00e9duire ou emp\u00eacher l\u2019accessibilit\u00e9 \u00e0 tout ou partie des services propos\u00e9s par le site.<\/p>\n<p><span style=\"text-decoration: underline;\">&#8211; Cookies<\/span><\/p>\n<p>L\u2019utilisateur est inform\u00e9 que lors de ses visites sur le site, un cookie peut s\u2019installer automatiquement sur son logiciel de navigation.<\/p>\n<p>Le cookie est un bloc de donn\u00e9es qui ne permet pas d\u2019identifier les utilisateurs mais sert \u00e0 enregistrer des informations relatives \u00e0 la navigation de celui-ci sur le site. Le param\u00e9trage du logiciel de navigation permet d\u2019informer de la pr\u00e9sence de cookie.<\/p>\n<p>Le site internet utilise des cookies ou d\u2019autres technologies ou ayant la m\u00eame finalit\u00e9 (ci-apr\u00e8s d\u00e9sign\u00e9s \u00ab cookies \u00bb) susceptibles de collecter ou conserver vos donn\u00e9es \u00e0 caract\u00e8re personnel.<\/p>\n<p>Les cookies sont exploit\u00e9s afin d\u2019am\u00e9liorer l\u2019exp\u00e9rience utilisateur, notamment par :<\/p>\n<ul>\n<li>La reconnaissance de votre terminal de connexion<\/li>\n<li>L\u2019analyse du trafic et des donn\u00e9es sur le site internet afin de mesurer l\u2019audience du site internet pour en am\u00e9liorer l\u2019exp\u00e9rience utilisateur<\/li>\n<li>La compr\u00e9hension de la mani\u00e8re dont vous utilisez ledit site internet afin d\u2019en am\u00e9liorer les fonctionnalit\u00e9s et la performance<\/li>\n<\/ul>\n<p>OCCITANIE GOURMET est susceptible de traiter les informations de l\u2019utilisateur concernant sa visite du Site, telles que les pages consult\u00e9es, les recherches effectu\u00e9es. Ces informations permettent \u00e0 OCCITANIE GOURMET d\u2019am\u00e9liorer le contenu du Site, de la navigation de l\u2019utilisateur.<\/p>\n<p>Si l\u2019Utilisateur refuse l\u2019enregistrement de Cookies dans son terminal ou son navigateur, ou si l\u2019Utilisateur supprime ceux qui y sont enregistr\u00e9s, l\u2019Utilisateur est inform\u00e9 que sa navigation et son exp\u00e9rience sur le Site peuvent \u00eatre limit\u00e9es. Cela pourrait \u00e9galement \u00eatre le cas lorsque OCCITANIE GOURMET ou l\u2019un de ses prestataires ne peut pas reconna\u00eetre, \u00e0 des fins de compatibilit\u00e9 technique, le type de navigateur utilis\u00e9 par le terminal, les param\u00e8tres de langue et d\u2019affichage ou le pays depuis lequel le terminal semble connect\u00e9 \u00e0 Internet.<\/p>\n<p>Le cas \u00e9ch\u00e9ant, OCCITANIE GOURMET d\u00e9cline toute responsabilit\u00e9 pour les cons\u00e9quences li\u00e9es au fonctionnement d\u00e9grad\u00e9 du Site et des services \u00e9ventuellement propos\u00e9s par OCCITANIE GOURMET, r\u00e9sultant du refus de Cookies par l\u2019Utilisateur de l\u2019impossibilit\u00e9 pour OCCITANIE GOURMET d\u2019enregistrer ou de consulter les Cookies n\u00e9cessaires \u00e0 leur fonctionnement du fait du choix de l\u2019utilisateur. Pour la gestion des cookies et des choix de l\u2019utilisateur, la configuration de chaque navigateur est diff\u00e9rente. Elle est d\u00e9crite dans le menu d\u2019aide du navigateur, qui permettra de savoir de quelle mani\u00e8re l\u2019utilisateur peut modifier ses souhaits en mati\u00e8re de cookies.<\/p>\n<p>\u00c0 tout moment, l\u2019utilisateur peut faire le choix d\u2019exprimer et de modifier ses souhaits en mati\u00e8re de cookies. OCCITANIE GOURMET pourra en outre faire appel aux services de prestataires externes pour l\u2019aider \u00e0 recueillir et traiter les informations d\u00e9crites dans cette section.<\/p>\n<p>Enfin en cliquant sur les ic\u00f4nes d\u00e9di\u00e9es aux r\u00e9seaux sociaux, LinkedIn figurant sur le Site de OCCITANIE GOURMET et si l\u2019utilisateur a accept\u00e9 le d\u00e9p\u00f4t de cookies en poursuivant sa navigation sur le Site Internet de OCCITANIE GOURMET. LinkedIn&nbsp; peut \u00e9galement d\u00e9poser des cookies sur vos terminaux (ordinateur, tablette, t\u00e9l\u00e9phone portable).<\/p>\n<p>Ces types de cookies ne sont d\u00e9pos\u00e9s sur vos terminaux qu\u2019\u00e0 condition que vous y consentiez, en continuant votre navigation sur le site Internet de OCCITANIE GOURMET. \u00c0 tout moment, l\u2019utilisateur peut n\u00e9anmoins revenir sur son consentement \u00e0 ce que OCCITANIE GOURMET d\u00e9pose ce type de cookies.<\/p>\n<h3>DROIT APPLICABLE ET ATTRIBUTION DE JURIDICATION<\/h3>\n<p>Tout litige en relation avec l\u2019utilisation du site OCCITANIE GOURMET est soumis au droit fran\u00e7ais.<\/p>\n<p>En dehors des cas o\u00f9 la loi ne le permet pas, il est fait attribution exclusive de juridiction aux tribunaux comp\u00e9tents de Toulouse.<\/p>\t\t\t\t\t\t\t\t<\/div>\n\t\t\t\t<\/div>\n\t\t\t\t\t<\/div>\n\t\t\t\t<\/div>\n\t\t\t\t<\/div>\n\t\t","protected":false},"excerpt":{"rendered":"<p>Le pr\u00e9sent site web, accessible \u00e0 l\u2019adresse&nbsp;www.occitanie-gourmet.com, est exploit\u00e9 dans le respect de la l\u00e9gislation fran\u00e7aise.&nbsp;L\u2019utilisation de ce site est r\u00e9gie par les pr\u00e9sentes conditions g\u00e9n\u00e9rales. En utilisant le site, vous reconnaissez avoir pris connaissance de ces conditions et les avoir accept\u00e9es. Celles-ci pourront \u00eatre modifi\u00e9es \u00e0 tout moment et sans pr\u00e9avis par la structure [&hellip;]<\/p>\n","protected":false},"author":1,"featured_media":0,"parent":0,"menu_order":0,"comment_status":"closed","ping_status":"open","template":"","meta":{"footnotes":""},"class_list":["post-6344","page","type-page","status-publish","hentry"],"yoast_head":"<!-- This site is optimized with the Yoast SEO plugin v25.5 - https:\/\/yoast.com\/wordpress\/plugins\/seo\/ -->\n<title>Politique de confidentialit\u00e9 - Occitanie Gourmet<\/title>\n<meta name=\"robots\" content=\"index, follow, max-snippet:-1, max-image-preview:large, max-video-preview:-1\" \/>\n<link rel=\"canonical\" href=\"https:\/\/occitanie-gourmet.com\/fr\/politique-confidentialite\/\" \/>\n<meta property=\"og:locale\" content=\"fr_FR\" \/>\n<meta property=\"og:type\" content=\"article\" \/>\n<meta property=\"og:title\" content=\"Politique de confidentialit\u00e9 - Occitanie Gourmet\" \/>\n<meta property=\"og:description\" content=\"Le pr\u00e9sent site web, accessible \u00e0 l\u2019adresse&nbsp;www.occitanie-gourmet.com, est exploit\u00e9 dans le respect de la l\u00e9gislation fran\u00e7aise.&nbsp;L\u2019utilisation de ce site est r\u00e9gie par les pr\u00e9sentes conditions g\u00e9n\u00e9rales. En utilisant le site, vous reconnaissez avoir pris connaissance de ces conditions et les avoir accept\u00e9es. Celles-ci pourront \u00eatre modifi\u00e9es \u00e0 tout moment et sans pr\u00e9avis par la structure [&hellip;]\" \/>\n<meta property=\"og:url\" content=\"https:\/\/occitanie-gourmet.com\/fr\/politique-confidentialite\/\" \/>\n<meta property=\"og:site_name\" content=\"Occitanie Gourmet\" \/>\n<meta property=\"article:modified_time\" content=\"2024-03-04T13:11:29+00:00\" \/>\n<meta property=\"og:image\" content=\"https:\/\/occitanie-gourmet.com\/wp-content\/uploads\/2022\/12\/logo-entier-sanguine.png\" \/>\n\t<meta property=\"og:image:width\" content=\"1162\" \/>\n\t<meta property=\"og:image:height\" content=\"719\" \/>\n\t<meta property=\"og:image:type\" content=\"image\/png\" \/>\n<meta name=\"twitter:card\" content=\"summary_large_image\" \/>\n<meta name=\"twitter:label1\" content=\"Dur\u00e9e de lecture estim\u00e9e\" \/>\n\t<meta name=\"twitter:data1\" content=\"11 minutes\" \/>\n<script type=\"application\/ld+json\" class=\"yoast-schema-graph\">{\"@context\":\"https:\/\/schema.org\",\"@graph\":[{\"@type\":\"WebPage\",\"@id\":\"https:\/\/occitanie-gourmet.com\/fr\/politique-confidentialite\/\",\"url\":\"https:\/\/occitanie-gourmet.com\/fr\/politique-confidentialite\/\",\"name\":\"Politique de confidentialit\u00e9 - Occitanie Gourmet\",\"isPartOf\":{\"@id\":\"https:\/\/occitanie-gourmet.com\/fr\/#website\"},\"datePublished\":\"2021-01-17T05:06:12+00:00\",\"dateModified\":\"2024-03-04T13:11:29+00:00\",\"breadcrumb\":{\"@id\":\"https:\/\/occitanie-gourmet.com\/fr\/politique-confidentialite\/#breadcrumb\"},\"inLanguage\":\"fr-FR\",\"potentialAction\":[{\"@type\":\"ReadAction\",\"target\":[\"https:\/\/occitanie-gourmet.com\/fr\/politique-confidentialite\/\"]}]},{\"@type\":\"BreadcrumbList\",\"@id\":\"https:\/\/occitanie-gourmet.com\/fr\/politique-confidentialite\/#breadcrumb\",\"itemListElement\":[{\"@type\":\"ListItem\",\"position\":1,\"name\":\"Accueil\",\"item\":\"https:\/\/occitanie-gourmet.com\/fr\/\"},{\"@type\":\"ListItem\",\"position\":2,\"name\":\"Politique de confidentialit\u00e9\"}]},{\"@type\":\"WebSite\",\"@id\":\"https:\/\/occitanie-gourmet.com\/fr\/#website\",\"url\":\"https:\/\/occitanie-gourmet.com\/fr\/\",\"name\":\"Occitanie Gourmet\",\"description\":\"Producteurs d&#039;exception\",\"publisher\":{\"@id\":\"https:\/\/occitanie-gourmet.com\/fr\/#organization\"},\"alternateName\":\"Occitanie Gourmet\",\"potentialAction\":[{\"@type\":\"SearchAction\",\"target\":{\"@type\":\"EntryPoint\",\"urlTemplate\":\"https:\/\/occitanie-gourmet.com\/fr\/?s={search_term_string}\"},\"query-input\":{\"@type\":\"PropertyValueSpecification\",\"valueRequired\":true,\"valueName\":\"search_term_string\"}}],\"inLanguage\":\"fr-FR\"},{\"@type\":\"Organization\",\"@id\":\"https:\/\/occitanie-gourmet.com\/fr\/#organization\",\"name\":\"Occitanie Gourmet\",\"url\":\"https:\/\/occitanie-gourmet.com\/fr\/\",\"logo\":{\"@type\":\"ImageObject\",\"inLanguage\":\"fr-FR\",\"@id\":\"https:\/\/occitanie-gourmet.com\/fr\/#\/schema\/logo\/image\/\",\"url\":\"https:\/\/occitanie-gourmet.com\/wp-content\/uploads\/2021\/01\/logo-entier-sanguine.png\",\"contentUrl\":\"https:\/\/occitanie-gourmet.com\/wp-content\/uploads\/2021\/01\/logo-entier-sanguine.png\",\"width\":159,\"height\":100,\"caption\":\"Occitanie Gourmet\"},\"image\":{\"@id\":\"https:\/\/occitanie-gourmet.com\/fr\/#\/schema\/logo\/image\/\"},\"sameAs\":[\"https:\/\/www.linkedin.com\/company\/occitanie-gourmet\/\"]}]}<\/script>\n<!-- \/ Yoast SEO plugin. -->","yoast_head_json":{"title":"Politique de confidentialit\u00e9 - Occitanie Gourmet","robots":{"index":"index","follow":"follow","max-snippet":"max-snippet:-1","max-image-preview":"max-image-preview:large","max-video-preview":"max-video-preview:-1"},"canonical":"https:\/\/occitanie-gourmet.com\/fr\/politique-confidentialite\/","og_locale":"fr_FR","og_type":"article","og_title":"Politique de confidentialit\u00e9 - Occitanie Gourmet","og_description":"Le pr\u00e9sent site web, accessible \u00e0 l\u2019adresse&nbsp;www.occitanie-gourmet.com, est exploit\u00e9 dans le respect de la l\u00e9gislation fran\u00e7aise.&nbsp;L\u2019utilisation de ce site est r\u00e9gie par les pr\u00e9sentes conditions g\u00e9n\u00e9rales. En utilisant le site, vous reconnaissez avoir pris connaissance de ces conditions et les avoir accept\u00e9es. Celles-ci pourront \u00eatre modifi\u00e9es \u00e0 tout moment et sans pr\u00e9avis par la structure [&hellip;]","og_url":"https:\/\/occitanie-gourmet.com\/fr\/politique-confidentialite\/","og_site_name":"Occitanie Gourmet","article_modified_time":"2024-03-04T13:11:29+00:00","og_image":[{"width":1162,"height":719,"url":"https:\/\/occitanie-gourmet.com\/wp-content\/uploads\/2022\/12\/logo-entier-sanguine.png","type":"image\/png"}],"twitter_card":"summary_large_image","twitter_misc":{"Dur\u00e9e de lecture estim\u00e9e":"11 minutes"},"schema":{"@context":"https:\/\/schema.org","@graph":[{"@type":"WebPage","@id":"https:\/\/occitanie-gourmet.com\/fr\/politique-confidentialite\/","url":"https:\/\/occitanie-gourmet.com\/fr\/politique-confidentialite\/","name":"Politique de confidentialit\u00e9 - Occitanie Gourmet","isPartOf":{"@id":"https:\/\/occitanie-gourmet.com\/fr\/#website"},"datePublished":"2021-01-17T05:06:12+00:00","dateModified":"2024-03-04T13:11:29+00:00","breadcrumb":{"@id":"https:\/\/occitanie-gourmet.com\/fr\/politique-confidentialite\/#breadcrumb"},"inLanguage":"fr-FR","potentialAction":[{"@type":"ReadAction","target":["https:\/\/occitanie-gourmet.com\/fr\/politique-confidentialite\/"]}]},{"@type":"BreadcrumbList","@id":"https:\/\/occitanie-gourmet.com\/fr\/politique-confidentialite\/#breadcrumb","itemListElement":[{"@type":"ListItem","position":1,"name":"Accueil","item":"https:\/\/occitanie-gourmet.com\/fr\/"},{"@type":"ListItem","position":2,"name":"Politique de confidentialit\u00e9"}]},{"@type":"WebSite","@id":"https:\/\/occitanie-gourmet.com\/fr\/#website","url":"https:\/\/occitanie-gourmet.com\/fr\/","name":"Occitanie Gourmet","description":"Producteurs d&#039;exception","publisher":{"@id":"https:\/\/occitanie-gourmet.com\/fr\/#organization"},"alternateName":"Occitanie Gourmet","potentialAction":[{"@type":"SearchAction","target":{"@type":"EntryPoint","urlTemplate":"https:\/\/occitanie-gourmet.com\/fr\/?s={search_term_string}"},"query-input":{"@type":"PropertyValueSpecification","valueRequired":true,"valueName":"search_term_string"}}],"inLanguage":"fr-FR"},{"@type":"Organization","@id":"https:\/\/occitanie-gourmet.com\/fr\/#organization","name":"Occitanie Gourmet","url":"https:\/\/occitanie-gourmet.com\/fr\/","logo":{"@type":"ImageObject","inLanguage":"fr-FR","@id":"https:\/\/occitanie-gourmet.com\/fr\/#\/schema\/logo\/image\/","url":"https:\/\/occitanie-gourmet.com\/wp-content\/uploads\/2021\/01\/logo-entier-sanguine.png","contentUrl":"https:\/\/occitanie-gourmet.com\/wp-content\/uploads\/2021\/01\/logo-entier-sanguine.png","width":159,"height":100,"caption":"Occitanie Gourmet"},"image":{"@id":"https:\/\/occitanie-gourmet.com\/fr\/#\/schema\/logo\/image\/"},"sameAs":["https:\/\/www.linkedin.com\/company\/occitanie-gourmet\/"]}]}},"_links":{"self":[{"href":"https:\/\/occitanie-gourmet.com\/fr\/wp-json\/wp\/v2\/pages\/6344","targetHints":{"allow":["GET"]}}],"collection":[{"href":"https:\/\/occitanie-gourmet.com\/fr\/wp-json\/wp\/v2\/pages"}],"about":[{"href":"https:\/\/occitanie-gourmet.com\/fr\/wp-json\/wp\/v2\/types\/page"}],"author":[{"embeddable":true,"href":"https:\/\/occitanie-gourmet.com\/fr\/wp-json\/wp\/v2\/users\/1"}],"replies":[{"embeddable":true,"href":"https:\/\/occitanie-gourmet.com\/fr\/wp-json\/wp\/v2\/comments?post=6344"}],"version-history":[{"count":22,"href":"https:\/\/occitanie-gourmet.com\/fr\/wp-json\/wp\/v2\/pages\/6344\/revisions"}],"predecessor-version":[{"id":13595,"href":"https:\/\/occitanie-gourmet.com\/fr\/wp-json\/wp\/v2\/pages\/6344\/revisions\/13595"}],"wp:attachment":[{"href":"https:\/\/occitanie-gourmet.com\/fr\/wp-json\/wp\/v2\/media?parent=6344"}],"curies":[{"name":"wp","href":"https:\/\/api.w.org\/{rel}","templated":true}]}}