{"id":10870,"date":"2024-02-20T17:47:52","date_gmt":"2024-02-20T16:47:52","guid":{"rendered":"https:\/\/occitanie-gourmet.com\/?page_id=10870"},"modified":"2026-04-17T14:54:33","modified_gmt":"2026-04-17T12:54:33","slug":"boissons","status":"publish","type":"page","link":"https:\/\/occitanie-gourmet.com\/fr\/boissons\/","title":{"rendered":"Boissons"},"content":{"rendered":"\t\t<div data-elementor-type=\"wp-page\" data-elementor-id=\"10870\" class=\"elementor elementor-10870\" data-elementor-post-type=\"page\">\n\t\t\t\t<div class=\"elementor-element elementor-element-c2d453e e-flex e-con-boxed e-con e-parent\" data-id=\"c2d453e\" data-element_type=\"container\" data-settings=\"{&quot;background_background&quot;:&quot;classic&quot;}\">\n\t\t\t\t\t<div class=\"e-con-inner\">\n\t\t<div class=\"elementor-element elementor-element-43f02a3 e-con-full e-flex e-con e-child\" data-id=\"43f02a3\" data-element_type=\"container\">\n\t\t\t\t<div class=\"elementor-element elementor-element-999c6a7 elementor-widget elementor-widget-image\" data-id=\"999c6a7\" data-element_type=\"widget\" data-widget_type=\"image.default\">\n\t\t\t\t<div class=\"elementor-widget-container\">\n\t\t\t\t\t\t\t\t\t\t\t\t\t\t\t<img fetchpriority=\"high\" decoding=\"async\" width=\"1024\" height=\"683\" src=\"https:\/\/occitanie-gourmet.com\/wp-content\/uploads\/2025\/06\/screenshot-2025-06-12-a-11.11.52-1024x683.jpg\" class=\"attachment-large size-large wp-image-17172\" alt=\"\" srcset=\"https:\/\/occitanie-gourmet.com\/wp-content\/uploads\/2025\/06\/screenshot-2025-06-12-a-11.11.52-1024x683.jpg 1024w, https:\/\/occitanie-gourmet.com\/wp-content\/uploads\/2025\/06\/screenshot-2025-06-12-a-11.11.52-300x200.jpg 300w, https:\/\/occitanie-gourmet.com\/wp-content\/uploads\/2025\/06\/screenshot-2025-06-12-a-11.11.52-768x512.jpg 768w, https:\/\/occitanie-gourmet.com\/wp-content\/uploads\/2025\/06\/screenshot-2025-06-12-a-11.11.52-1536x1024.jpg 1536w, https:\/\/occitanie-gourmet.com\/wp-content\/uploads\/2025\/06\/screenshot-2025-06-12-a-11.11.52-2048x1366.jpg 2048w\" sizes=\"(max-width: 1024px) 100vw, 1024px\" \/>\t\t\t\t\t\t\t\t\t\t\t\t\t\t\t<\/div>\n\t\t\t\t<\/div>\n\t\t\t\t<\/div>\n\t\t<div class=\"elementor-element elementor-element-69a345d e-con-full e-flex e-con e-child\" data-id=\"69a345d\" data-element_type=\"container\">\n\t\t\t\t<div class=\"elementor-element elementor-element-594b8c6 elementor-position-left elementor-vertical-align-middle elementor-position-top elementor-widget elementor-widget-image-box\" data-id=\"594b8c6\" data-element_type=\"widget\" data-widget_type=\"image-box.default\">\n\t\t\t\t<div class=\"elementor-widget-container\">\n\t\t\t\t\t<div class=\"elementor-image-box-wrapper\"><figure class=\"elementor-image-box-img\"><img decoding=\"async\" width=\"2160\" height=\"2160\" src=\"https:\/\/occitanie-gourmet.com\/wp-content\/uploads\/2023\/12\/boissons.png\" class=\"attachment-full size-full wp-image-6431\" alt=\"Picto boissons\" srcset=\"https:\/\/occitanie-gourmet.com\/wp-content\/uploads\/2023\/12\/boissons.png 2160w, https:\/\/occitanie-gourmet.com\/wp-content\/uploads\/2023\/12\/boissons-300x300.png 300w, https:\/\/occitanie-gourmet.com\/wp-content\/uploads\/2023\/12\/boissons-1024x1024.png 1024w, https:\/\/occitanie-gourmet.com\/wp-content\/uploads\/2023\/12\/boissons-150x150.png 150w, https:\/\/occitanie-gourmet.com\/wp-content\/uploads\/2023\/12\/boissons-768x768.png 768w, https:\/\/occitanie-gourmet.com\/wp-content\/uploads\/2023\/12\/boissons-180x180.png 180w, https:\/\/occitanie-gourmet.com\/wp-content\/uploads\/2023\/12\/boissons-1536x1536.png 1536w, https:\/\/occitanie-gourmet.com\/wp-content\/uploads\/2023\/12\/boissons-2048x2048.png 2048w, https:\/\/occitanie-gourmet.com\/wp-content\/uploads\/2023\/12\/boissons-54x54.png 54w, https:\/\/occitanie-gourmet.com\/wp-content\/uploads\/2023\/12\/boissons-310x310.png 310w, https:\/\/occitanie-gourmet.com\/wp-content\/uploads\/2023\/12\/boissons-80x80.png 80w\" sizes=\"(max-width: 2160px) 100vw, 2160px\" \/><\/figure><div class=\"elementor-image-box-content\"><h1 class=\"elementor-image-box-title\">Boissons <\/h1><\/div><\/div>\t\t\t\t<\/div>\n\t\t\t\t<\/div>\n\t\t\t\t<\/div>\n\t\t<div class=\"elementor-element elementor-element-def055e e-con-full elementor-hidden-laptop e-flex e-con e-child\" data-id=\"def055e\" data-element_type=\"container\">\n\t\t\t\t<\/div>\n\t\t\t\t\t<\/div>\n\t\t\t\t<\/div>\n\t\t<div class=\"elementor-element elementor-element-beee0eb e-con-full e-flex e-con e-parent\" data-id=\"beee0eb\" data-element_type=\"container\" data-settings=\"{&quot;background_background&quot;:&quot;classic&quot;}\">\n\t\t\t\t<div class=\"elementor-element elementor-element-cc1b8b8 elementor-widget elementor-widget-heading\" data-id=\"cc1b8b8\" data-element_type=\"widget\" data-widget_type=\"heading.default\">\n\t\t\t\t<div class=\"elementor-widget-container\">\n\t\t\t\t\t<h2 class=\"elementor-heading-title elementor-size-default\">D\u00e9gustez les notes douces et raffin\u00e9s de notre terroir : les jus de fruits de nos vergers, les bi\u00e8res parfum\u00e9s et nos douces boissons chocolat\u00e9es !<\/h2>\t\t\t\t<\/div>\n\t\t\t\t<\/div>\n\t\t\t\t<\/div>\n\t\t<div class=\"elementor-element elementor-element-f75ec0d e-con-full e-flex e-con e-parent\" data-id=\"f75ec0d\" data-element_type=\"container\">\n\t\t<div class=\"elementor-element elementor-element-ac857bf e-con-full e-flex e-con e-child\" data-id=\"ac857bf\" data-element_type=\"container\" data-settings=\"{&quot;background_background&quot;:&quot;classic&quot;}\">\n\t\t<div class=\"elementor-element elementor-element-a9482af e-flex e-con-boxed e-con e-child\" data-id=\"a9482af\" data-element_type=\"container\">\n\t\t\t\t\t<div class=\"e-con-inner\">\n\t\t\t\t<div class=\"elementor-element elementor-element-78671ad elementor-widget elementor-widget-image\" data-id=\"78671ad\" data-element_type=\"widget\" data-widget_type=\"image.default\">\n\t\t\t\t<div class=\"elementor-widget-container\">\n\t\t\t\t\t\t\t\t\t\t\t\t\t\t\t<img decoding=\"async\" width=\"217\" height=\"235\" src=\"https:\/\/occitanie-gourmet.com\/wp-content\/uploads\/2025\/06\/pomme-1.png\" class=\"attachment-large size-large wp-image-17168\" alt=\"\" \/>\t\t\t\t\t\t\t\t\t\t\t\t\t\t\t<\/div>\n\t\t\t\t<\/div>\n\t\t\t\t\t<\/div>\n\t\t\t\t<\/div>\n\t\t<div class=\"elementor-element elementor-element-62ca18e e-flex e-con-boxed e-con e-child\" data-id=\"62ca18e\" data-element_type=\"container\">\n\t\t\t\t\t<div class=\"e-con-inner\">\n\t\t\t\t<div class=\"elementor-element elementor-element-7172025 elementor-widget-mobile__width-initial elementor-widget elementor-widget-heading\" data-id=\"7172025\" data-element_type=\"widget\" data-widget_type=\"heading.default\">\n\t\t\t\t<div class=\"elementor-widget-container\">\n\t\t\t\t\t<h2 class=\"elementor-heading-title elementor-size-default\">ch\u00e2teau du clau<\/h2>\t\t\t\t<\/div>\n\t\t\t\t<\/div>\n\t\t\t\t\t<\/div>\n\t\t\t\t<\/div>\n\t\t<div class=\"elementor-element elementor-element-917bf26 e-flex e-con-boxed e-con e-child\" data-id=\"917bf26\" data-element_type=\"container\">\n\t\t\t\t\t<div class=\"e-con-inner\">\n\t\t\t\t<div class=\"elementor-element elementor-element-84abf03 elementor-widget__width-initial elementor-widget elementor-widget-text-editor\" data-id=\"84abf03\" data-element_type=\"widget\" data-widget_type=\"text-editor.default\">\n\t\t\t\t<div class=\"elementor-widget-container\">\n\t\t\t\t\t\t\t\t\tDepuis plus de 120 ans, l\u2019entreprise r\u00e9colte des pommes d\u2019exception pour offrir une exp\u00e9rience gustative unique !\t\t\t\t\t\t\t\t<\/div>\n\t\t\t\t<\/div>\n\t\t\t\t\t<\/div>\n\t\t\t\t<\/div>\n\t\t<div class=\"elementor-element elementor-element-7258d4b e-flex e-con-boxed e-con e-child\" data-id=\"7258d4b\" data-element_type=\"container\">\n\t\t\t\t\t<div class=\"e-con-inner\">\n\t\t\t\t<div class=\"elementor-element elementor-element-1bbddc4 elementor-widget elementor-widget-button\" data-id=\"1bbddc4\" data-element_type=\"widget\" data-widget_type=\"button.default\">\n\t\t\t\t<div class=\"elementor-widget-container\">\n\t\t\t\t\t\t\t\t\t<div class=\"elementor-button-wrapper\">\n\t\t\t\t\t<a class=\"elementor-button elementor-button-link elementor-size-xs\" href=\"https:\/\/occitanie-gourmet.com\/fr\/chateau-du-clau\/\">\n\t\t\t\t\t\t<span class=\"elementor-button-content-wrapper\">\n\t\t\t\t\t\t\t\t\t<span class=\"elementor-button-text\">En savoir plus<\/span>\n\t\t\t\t\t<\/span>\n\t\t\t\t\t<\/a>\n\t\t\t\t<\/div>\n\t\t\t\t\t\t\t\t<\/div>\n\t\t\t\t<\/div>\n\t\t\t\t\t<\/div>\n\t\t\t\t<\/div>\n\t\t\t\t<\/div>\n\t\t<div class=\"elementor-element elementor-element-20f7afd e-con-full e-flex e-con e-child\" data-id=\"20f7afd\" data-element_type=\"container\">\n\t\t\t\t<div class=\"elementor-element elementor-element-5987366 elementor-widget elementor-widget-image\" data-id=\"5987366\" data-element_type=\"widget\" data-widget_type=\"image.default\">\n\t\t\t\t<div class=\"elementor-widget-container\">\n\t\t\t\t\t\t\t\t\t\t\t\t\t\t\t<img loading=\"lazy\" decoding=\"async\" width=\"1200\" height=\"800\" src=\"https:\/\/occitanie-gourmet.com\/wp-content\/uploads\/2024\/02\/mise-en-bouteille-chateau-du-clau-5.jpg\" class=\"attachment-full size-full wp-image-10267\" alt=\"image des produits du chateau du clau\" srcset=\"https:\/\/occitanie-gourmet.com\/wp-content\/uploads\/2024\/02\/mise-en-bouteille-chateau-du-clau-5.jpg 1200w, https:\/\/occitanie-gourmet.com\/wp-content\/uploads\/2024\/02\/mise-en-bouteille-chateau-du-clau-5-300x200.jpg 300w, https:\/\/occitanie-gourmet.com\/wp-content\/uploads\/2024\/02\/mise-en-bouteille-chateau-du-clau-5-1024x683.jpg 1024w, https:\/\/occitanie-gourmet.com\/wp-content\/uploads\/2024\/02\/mise-en-bouteille-chateau-du-clau-5-768x512.jpg 768w\" sizes=\"(max-width: 1200px) 100vw, 1200px\" \/>\t\t\t\t\t\t\t\t\t\t\t\t\t\t\t<\/div>\n\t\t\t\t<\/div>\n\t\t\t\t<\/div>\n\t\t\t\t<\/div>\n\t\t<div class=\"elementor-element elementor-element-7840a08f e-con-full e-flex e-con e-parent\" data-id=\"7840a08f\" data-element_type=\"container\">\n\t\t<div class=\"elementor-element elementor-element-10fcc7d4 e-con-full e-flex e-con e-child\" data-id=\"10fcc7d4\" data-element_type=\"container\" data-settings=\"{&quot;background_background&quot;:&quot;classic&quot;}\">\n\t\t<div class=\"elementor-element elementor-element-f9b52f4 e-flex e-con-boxed e-con e-child\" data-id=\"f9b52f4\" data-element_type=\"container\">\n\t\t\t\t\t<div class=\"e-con-inner\">\n\t\t\t\t<div class=\"elementor-element elementor-element-772c246d elementor-widget elementor-widget-image\" data-id=\"772c246d\" data-element_type=\"widget\" data-widget_type=\"image.default\">\n\t\t\t\t<div class=\"elementor-widget-container\">\n\t\t\t\t\t\t\t\t\t\t\t\t\t\t\t<img loading=\"lazy\" decoding=\"async\" width=\"269\" height=\"269\" src=\"https:\/\/occitanie-gourmet.com\/wp-content\/uploads\/2025\/06\/Picto-menu-Letuverie.jpg\" class=\"attachment-large size-large wp-image-17158\" alt=\"\" srcset=\"https:\/\/occitanie-gourmet.com\/wp-content\/uploads\/2025\/06\/Picto-menu-Letuverie.jpg 269w, https:\/\/occitanie-gourmet.com\/wp-content\/uploads\/2025\/06\/Picto-menu-Letuverie-150x150.jpg 150w, https:\/\/occitanie-gourmet.com\/wp-content\/uploads\/2025\/06\/Picto-menu-Letuverie-180x180.jpg 180w, https:\/\/occitanie-gourmet.com\/wp-content\/uploads\/2025\/06\/Picto-menu-Letuverie-54x54.jpg 54w, https:\/\/occitanie-gourmet.com\/wp-content\/uploads\/2025\/06\/Picto-menu-Letuverie-80x80.jpg 80w\" sizes=\"(max-width: 269px) 100vw, 269px\" \/>\t\t\t\t\t\t\t\t\t\t\t\t\t\t\t<\/div>\n\t\t\t\t<\/div>\n\t\t\t\t\t<\/div>\n\t\t\t\t<\/div>\n\t\t<div class=\"elementor-element elementor-element-5efbd1c e-flex e-con-boxed e-con e-child\" data-id=\"5efbd1c\" data-element_type=\"container\">\n\t\t\t\t\t<div class=\"e-con-inner\">\n\t\t\t\t<div class=\"elementor-element elementor-element-27a44e8d elementor-widget-mobile__width-initial elementor-widget elementor-widget-heading\" data-id=\"27a44e8d\" data-element_type=\"widget\" data-widget_type=\"heading.default\">\n\t\t\t\t<div class=\"elementor-widget-container\">\n\t\t\t\t\t<h2 class=\"elementor-heading-title elementor-size-default\">L'\u00e9tuverie<\/h2>\t\t\t\t<\/div>\n\t\t\t\t<\/div>\n\t\t\t\t\t<\/div>\n\t\t\t\t<\/div>\n\t\t<div class=\"elementor-element elementor-element-9e7a632 e-flex e-con-boxed e-con e-child\" data-id=\"9e7a632\" data-element_type=\"container\">\n\t\t\t\t\t<div class=\"e-con-inner\">\n\t\t\t\t<div class=\"elementor-element elementor-element-5cc0f867 elementor-widget__width-initial elementor-widget elementor-widget-text-editor\" data-id=\"5cc0f867\" data-element_type=\"widget\" data-widget_type=\"text-editor.default\">\n\t\t\t\t<div class=\"elementor-widget-container\">\n\t\t\t\t\t\t\t\t\t<p>L\u2019entreprise produit dans le Gers de l\u2019ail noir et \u00e9labore de d\u00e9licieuses recettes avec. Cuisiner l\u2019ail noir, c\u2019est apporter un go\u00fbt inimitable et unique \u00e0 vos plats tout en b\u00e9n\u00e9ficiant de ses nombreux bienfaits !<\/p>\t\t\t\t\t\t\t\t<\/div>\n\t\t\t\t<\/div>\n\t\t\t\t\t<\/div>\n\t\t\t\t<\/div>\n\t\t<div class=\"elementor-element elementor-element-d4c7c41 e-flex e-con-boxed e-con e-child\" data-id=\"d4c7c41\" data-element_type=\"container\">\n\t\t\t\t\t<div class=\"e-con-inner\">\n\t\t\t\t<div class=\"elementor-element elementor-element-75e29137 elementor-widget elementor-widget-button\" data-id=\"75e29137\" data-element_type=\"widget\" data-widget_type=\"button.default\">\n\t\t\t\t<div class=\"elementor-widget-container\">\n\t\t\t\t\t\t\t\t\t<div class=\"elementor-button-wrapper\">\n\t\t\t\t\t<a class=\"elementor-button elementor-button-link elementor-size-xs\" href=\"https:\/\/occitanie-gourmet.com\/letuverie\/\">\n\t\t\t\t\t\t<span class=\"elementor-button-content-wrapper\">\n\t\t\t\t\t\t\t\t\t<span class=\"elementor-button-text\">En savoir plus<\/span>\n\t\t\t\t\t<\/span>\n\t\t\t\t\t<\/a>\n\t\t\t\t<\/div>\n\t\t\t\t\t\t\t\t<\/div>\n\t\t\t\t<\/div>\n\t\t\t\t\t<\/div>\n\t\t\t\t<\/div>\n\t\t\t\t<\/div>\n\t\t<div class=\"elementor-element elementor-element-6d18f2df e-con-full e-flex e-con e-child\" data-id=\"6d18f2df\" data-element_type=\"container\">\n\t\t\t\t<div class=\"elementor-element elementor-element-2eb0b9e4 elementor-widget elementor-widget-image\" data-id=\"2eb0b9e4\" data-element_type=\"widget\" data-widget_type=\"image.default\">\n\t\t\t\t<div class=\"elementor-widget-container\">\n\t\t\t\t\t\t\t\t\t\t\t\t\t\t\t<img loading=\"lazy\" decoding=\"async\" width=\"1110\" height=\"1386\" src=\"https:\/\/occitanie-gourmet.com\/wp-content\/uploads\/2025\/06\/screenshot-2025-06-12-a-10.55.05.jpg\" class=\"attachment-full size-full wp-image-17160\" alt=\"\" srcset=\"https:\/\/occitanie-gourmet.com\/wp-content\/uploads\/2025\/06\/screenshot-2025-06-12-a-10.55.05.jpg 1110w, https:\/\/occitanie-gourmet.com\/wp-content\/uploads\/2025\/06\/screenshot-2025-06-12-a-10.55.05-240x300.jpg 240w, https:\/\/occitanie-gourmet.com\/wp-content\/uploads\/2025\/06\/screenshot-2025-06-12-a-10.55.05-820x1024.jpg 820w, https:\/\/occitanie-gourmet.com\/wp-content\/uploads\/2025\/06\/screenshot-2025-06-12-a-10.55.05-768x959.jpg 768w\" sizes=\"(max-width: 1110px) 100vw, 1110px\" \/>\t\t\t\t\t\t\t\t\t\t\t\t\t\t\t<\/div>\n\t\t\t\t<\/div>\n\t\t\t\t<\/div>\n\t\t\t\t<\/div>\n\t\t\t\t<\/div>\n\t\t","protected":false},"excerpt":{"rendered":"<p>Boissons D\u00e9gustez les notes douces et raffin\u00e9s de notre terroir : les jus de fruits de nos vergers, les bi\u00e8res parfum\u00e9s et nos douces boissons chocolat\u00e9es ! ch\u00e2teau du clau Depuis plus de 120 ans, l\u2019entreprise r\u00e9colte des pommes d\u2019exception pour offrir une exp\u00e9rience gustative unique ! En savoir plus L&#8217;\u00e9tuverie L\u2019entreprise produit dans le [&hellip;]<\/p>\n","protected":false},"author":2,"featured_media":0,"parent":0,"menu_order":0,"comment_status":"closed","ping_status":"closed","template":"","meta":{"footnotes":""},"class_list":["post-10870","page","type-page","status-publish","hentry"],"yoast_head":"<!-- This site is optimized with the Yoast SEO plugin v25.5 - https:\/\/yoast.com\/wordpress\/plugins\/seo\/ -->\n<title>Boissons - Occitanie Gourmet<\/title>\n<meta name=\"robots\" content=\"index, follow, max-snippet:-1, max-image-preview:large, max-video-preview:-1\" \/>\n<link rel=\"canonical\" href=\"https:\/\/occitanie-gourmet.com\/fr\/boissons\/\" \/>\n<meta property=\"og:locale\" content=\"fr_FR\" \/>\n<meta property=\"og:type\" content=\"article\" \/>\n<meta property=\"og:title\" content=\"Boissons - Occitanie Gourmet\" \/>\n<meta property=\"og:description\" content=\"Boissons D\u00e9gustez les notes douces et raffin\u00e9s de notre terroir : les jus de fruits de nos vergers, les bi\u00e8res parfum\u00e9s et nos douces boissons chocolat\u00e9es ! ch\u00e2teau du clau Depuis plus de 120 ans, l\u2019entreprise r\u00e9colte des pommes d\u2019exception pour offrir une exp\u00e9rience gustative unique ! En savoir plus L&#8217;\u00e9tuverie L\u2019entreprise produit dans le [&hellip;]\" \/>\n<meta property=\"og:url\" content=\"https:\/\/occitanie-gourmet.com\/fr\/boissons\/\" \/>\n<meta property=\"og:site_name\" content=\"Occitanie Gourmet\" \/>\n<meta property=\"article:modified_time\" content=\"2026-04-17T12:54:33+00:00\" \/>\n<meta property=\"og:image\" content=\"https:\/\/occitanie-gourmet.com\/wp-content\/uploads\/2025\/06\/screenshot-2025-06-12-a-11.11.52-scaled.jpg\" \/>\n\t<meta property=\"og:image:width\" content=\"2560\" \/>\n\t<meta property=\"og:image:height\" content=\"1707\" \/>\n\t<meta property=\"og:image:type\" content=\"image\/jpeg\" \/>\n<meta name=\"twitter:card\" content=\"summary_large_image\" \/>\n<meta name=\"twitter:label1\" content=\"Dur\u00e9e de lecture estim\u00e9e\" \/>\n\t<meta name=\"twitter:data1\" content=\"2 minutes\" \/>\n<script type=\"application\/ld+json\" class=\"yoast-schema-graph\">{\"@context\":\"https:\/\/schema.org\",\"@graph\":[{\"@type\":\"WebPage\",\"@id\":\"https:\/\/occitanie-gourmet.com\/fr\/boissons\/\",\"url\":\"https:\/\/occitanie-gourmet.com\/fr\/boissons\/\",\"name\":\"Boissons - Occitanie Gourmet\",\"isPartOf\":{\"@id\":\"https:\/\/occitanie-gourmet.com\/fr\/#website\"},\"primaryImageOfPage\":{\"@id\":\"https:\/\/occitanie-gourmet.com\/fr\/boissons\/#primaryimage\"},\"image\":{\"@id\":\"https:\/\/occitanie-gourmet.com\/fr\/boissons\/#primaryimage\"},\"thumbnailUrl\":\"https:\/\/occitanie-gourmet.com\/wp-content\/uploads\/2025\/06\/screenshot-2025-06-12-a-11.11.52-1024x683.jpg\",\"datePublished\":\"2024-02-20T16:47:52+00:00\",\"dateModified\":\"2026-04-17T12:54:33+00:00\",\"breadcrumb\":{\"@id\":\"https:\/\/occitanie-gourmet.com\/fr\/boissons\/#breadcrumb\"},\"inLanguage\":\"fr-FR\",\"potentialAction\":[{\"@type\":\"ReadAction\",\"target\":[\"https:\/\/occitanie-gourmet.com\/fr\/boissons\/\"]}]},{\"@type\":\"ImageObject\",\"inLanguage\":\"fr-FR\",\"@id\":\"https:\/\/occitanie-gourmet.com\/fr\/boissons\/#primaryimage\",\"url\":\"https:\/\/occitanie-gourmet.com\/wp-content\/uploads\/2025\/06\/screenshot-2025-06-12-a-11.11.52-1024x683.jpg\",\"contentUrl\":\"https:\/\/occitanie-gourmet.com\/wp-content\/uploads\/2025\/06\/screenshot-2025-06-12-a-11.11.52-1024x683.jpg\"},{\"@type\":\"BreadcrumbList\",\"@id\":\"https:\/\/occitanie-gourmet.com\/fr\/boissons\/#breadcrumb\",\"itemListElement\":[{\"@type\":\"ListItem\",\"position\":1,\"name\":\"Accueil\",\"item\":\"https:\/\/occitanie-gourmet.com\/fr\/\"},{\"@type\":\"ListItem\",\"position\":2,\"name\":\"Boissons\"}]},{\"@type\":\"WebSite\",\"@id\":\"https:\/\/occitanie-gourmet.com\/fr\/#website\",\"url\":\"https:\/\/occitanie-gourmet.com\/fr\/\",\"name\":\"Occitanie Gourmet\",\"description\":\"Producteurs d&#039;exception\",\"publisher\":{\"@id\":\"https:\/\/occitanie-gourmet.com\/fr\/#organization\"},\"alternateName\":\"Occitanie Gourmet\",\"potentialAction\":[{\"@type\":\"SearchAction\",\"target\":{\"@type\":\"EntryPoint\",\"urlTemplate\":\"https:\/\/occitanie-gourmet.com\/fr\/?s={search_term_string}\"},\"query-input\":{\"@type\":\"PropertyValueSpecification\",\"valueRequired\":true,\"valueName\":\"search_term_string\"}}],\"inLanguage\":\"fr-FR\"},{\"@type\":\"Organization\",\"@id\":\"https:\/\/occitanie-gourmet.com\/fr\/#organization\",\"name\":\"Occitanie Gourmet\",\"url\":\"https:\/\/occitanie-gourmet.com\/fr\/\",\"logo\":{\"@type\":\"ImageObject\",\"inLanguage\":\"fr-FR\",\"@id\":\"https:\/\/occitanie-gourmet.com\/fr\/#\/schema\/logo\/image\/\",\"url\":\"https:\/\/occitanie-gourmet.com\/wp-content\/uploads\/2021\/01\/logo-entier-sanguine.png\",\"contentUrl\":\"https:\/\/occitanie-gourmet.com\/wp-content\/uploads\/2021\/01\/logo-entier-sanguine.png\",\"width\":159,\"height\":100,\"caption\":\"Occitanie Gourmet\"},\"image\":{\"@id\":\"https:\/\/occitanie-gourmet.com\/fr\/#\/schema\/logo\/image\/\"},\"sameAs\":[\"https:\/\/www.linkedin.com\/company\/occitanie-gourmet\/\"]}]}<\/script>\n<!-- \/ Yoast SEO plugin. -->","yoast_head_json":{"title":"Boissons - Occitanie Gourmet","robots":{"index":"index","follow":"follow","max-snippet":"max-snippet:-1","max-image-preview":"max-image-preview:large","max-video-preview":"max-video-preview:-1"},"canonical":"https:\/\/occitanie-gourmet.com\/fr\/boissons\/","og_locale":"fr_FR","og_type":"article","og_title":"Boissons - Occitanie Gourmet","og_description":"Boissons D\u00e9gustez les notes douces et raffin\u00e9s de notre terroir : les jus de fruits de nos vergers, les bi\u00e8res parfum\u00e9s et nos douces boissons chocolat\u00e9es ! ch\u00e2teau du clau Depuis plus de 120 ans, l\u2019entreprise r\u00e9colte des pommes d\u2019exception pour offrir une exp\u00e9rience gustative unique ! En savoir plus L&#8217;\u00e9tuverie L\u2019entreprise produit dans le [&hellip;]","og_url":"https:\/\/occitanie-gourmet.com\/fr\/boissons\/","og_site_name":"Occitanie Gourmet","article_modified_time":"2026-04-17T12:54:33+00:00","og_image":[{"width":2560,"height":1707,"url":"https:\/\/occitanie-gourmet.com\/wp-content\/uploads\/2025\/06\/screenshot-2025-06-12-a-11.11.52-scaled.jpg","type":"image\/jpeg"}],"twitter_card":"summary_large_image","twitter_misc":{"Dur\u00e9e de lecture estim\u00e9e":"2 minutes"},"schema":{"@context":"https:\/\/schema.org","@graph":[{"@type":"WebPage","@id":"https:\/\/occitanie-gourmet.com\/fr\/boissons\/","url":"https:\/\/occitanie-gourmet.com\/fr\/boissons\/","name":"Boissons - Occitanie Gourmet","isPartOf":{"@id":"https:\/\/occitanie-gourmet.com\/fr\/#website"},"primaryImageOfPage":{"@id":"https:\/\/occitanie-gourmet.com\/fr\/boissons\/#primaryimage"},"image":{"@id":"https:\/\/occitanie-gourmet.com\/fr\/boissons\/#primaryimage"},"thumbnailUrl":"https:\/\/occitanie-gourmet.com\/wp-content\/uploads\/2025\/06\/screenshot-2025-06-12-a-11.11.52-1024x683.jpg","datePublished":"2024-02-20T16:47:52+00:00","dateModified":"2026-04-17T12:54:33+00:00","breadcrumb":{"@id":"https:\/\/occitanie-gourmet.com\/fr\/boissons\/#breadcrumb"},"inLanguage":"fr-FR","potentialAction":[{"@type":"ReadAction","target":["https:\/\/occitanie-gourmet.com\/fr\/boissons\/"]}]},{"@type":"ImageObject","inLanguage":"fr-FR","@id":"https:\/\/occitanie-gourmet.com\/fr\/boissons\/#primaryimage","url":"https:\/\/occitanie-gourmet.com\/wp-content\/uploads\/2025\/06\/screenshot-2025-06-12-a-11.11.52-1024x683.jpg","contentUrl":"https:\/\/occitanie-gourmet.com\/wp-content\/uploads\/2025\/06\/screenshot-2025-06-12-a-11.11.52-1024x683.jpg"},{"@type":"BreadcrumbList","@id":"https:\/\/occitanie-gourmet.com\/fr\/boissons\/#breadcrumb","itemListElement":[{"@type":"ListItem","position":1,"name":"Accueil","item":"https:\/\/occitanie-gourmet.com\/fr\/"},{"@type":"ListItem","position":2,"name":"Boissons"}]},{"@type":"WebSite","@id":"https:\/\/occitanie-gourmet.com\/fr\/#website","url":"https:\/\/occitanie-gourmet.com\/fr\/","name":"Occitanie Gourmet","description":"Producteurs d&#039;exception","publisher":{"@id":"https:\/\/occitanie-gourmet.com\/fr\/#organization"},"alternateName":"Occitanie Gourmet","potentialAction":[{"@type":"SearchAction","target":{"@type":"EntryPoint","urlTemplate":"https:\/\/occitanie-gourmet.com\/fr\/?s={search_term_string}"},"query-input":{"@type":"PropertyValueSpecification","valueRequired":true,"valueName":"search_term_string"}}],"inLanguage":"fr-FR"},{"@type":"Organization","@id":"https:\/\/occitanie-gourmet.com\/fr\/#organization","name":"Occitanie Gourmet","url":"https:\/\/occitanie-gourmet.com\/fr\/","logo":{"@type":"ImageObject","inLanguage":"fr-FR","@id":"https:\/\/occitanie-gourmet.com\/fr\/#\/schema\/logo\/image\/","url":"https:\/\/occitanie-gourmet.com\/wp-content\/uploads\/2021\/01\/logo-entier-sanguine.png","contentUrl":"https:\/\/occitanie-gourmet.com\/wp-content\/uploads\/2021\/01\/logo-entier-sanguine.png","width":159,"height":100,"caption":"Occitanie Gourmet"},"image":{"@id":"https:\/\/occitanie-gourmet.com\/fr\/#\/schema\/logo\/image\/"},"sameAs":["https:\/\/www.linkedin.com\/company\/occitanie-gourmet\/"]}]}},"_links":{"self":[{"href":"https:\/\/occitanie-gourmet.com\/fr\/wp-json\/wp\/v2\/pages\/10870","targetHints":{"allow":["GET"]}}],"collection":[{"href":"https:\/\/occitanie-gourmet.com\/fr\/wp-json\/wp\/v2\/pages"}],"about":[{"href":"https:\/\/occitanie-gourmet.com\/fr\/wp-json\/wp\/v2\/types\/page"}],"author":[{"embeddable":true,"href":"https:\/\/occitanie-gourmet.com\/fr\/wp-json\/wp\/v2\/users\/2"}],"replies":[{"embeddable":true,"href":"https:\/\/occitanie-gourmet.com\/fr\/wp-json\/wp\/v2\/comments?post=10870"}],"version-history":[{"count":157,"href":"https:\/\/occitanie-gourmet.com\/fr\/wp-json\/wp\/v2\/pages\/10870\/revisions"}],"predecessor-version":[{"id":19155,"href":"https:\/\/occitanie-gourmet.com\/fr\/wp-json\/wp\/v2\/pages\/10870\/revisions\/19155"}],"wp:attachment":[{"href":"https:\/\/occitanie-gourmet.com\/fr\/wp-json\/wp\/v2\/media?parent=10870"}],"curies":[{"name":"wp","href":"https:\/\/api.w.org\/{rel}","templated":true}]}}