{"id":10810,"date":"2024-02-20T17:11:41","date_gmt":"2024-02-20T16:11:41","guid":{"rendered":"https:\/\/occitanie-gourmet.com\/?page_id=10810"},"modified":"2024-03-26T12:32:11","modified_gmt":"2024-03-26T11:32:11","slug":"charcuterie-et-plats-cuisines","status":"publish","type":"page","link":"https:\/\/occitanie-gourmet.com\/fr\/charcuterie-et-plats-cuisines\/","title":{"rendered":"Charcuterie et plats cuisin\u00e9s"},"content":{"rendered":"\t\t<div data-elementor-type=\"wp-page\" data-elementor-id=\"10810\" class=\"elementor elementor-10810\" data-elementor-post-type=\"page\">\n\t\t\t\t<div class=\"elementor-element elementor-element-c2d453e e-con-full e-flex e-con e-parent\" data-id=\"c2d453e\" data-element_type=\"container\" data-settings=\"{&quot;background_background&quot;:&quot;classic&quot;}\">\n\t\t<div class=\"elementor-element elementor-element-43f02a3 e-con-full e-flex e-con e-child\" data-id=\"43f02a3\" data-element_type=\"container\">\n\t\t\t\t<\/div>\n\t\t<div class=\"elementor-element elementor-element-69a345d e-con-full e-flex e-con e-child\" data-id=\"69a345d\" data-element_type=\"container\">\n\t\t\t\t<div class=\"elementor-element elementor-element-594b8c6 elementor-position-left elementor-vertical-align-middle elementor-position-top elementor-widget-mobile__width-initial elementor-widget elementor-widget-image-box\" data-id=\"594b8c6\" data-element_type=\"widget\" data-widget_type=\"image-box.default\">\n\t\t\t\t<div class=\"elementor-widget-container\">\n\t\t\t\t\t<div class=\"elementor-image-box-wrapper\"><figure class=\"elementor-image-box-img\"><img fetchpriority=\"high\" decoding=\"async\" width=\"2160\" height=\"2160\" src=\"https:\/\/occitanie-gourmet.com\/wp-content\/uploads\/2023\/12\/charcuterie.png\" class=\"attachment-full size-full wp-image-6432\" alt=\"\" srcset=\"https:\/\/occitanie-gourmet.com\/wp-content\/uploads\/2023\/12\/charcuterie.png 2160w, https:\/\/occitanie-gourmet.com\/wp-content\/uploads\/2023\/12\/charcuterie-300x300.png 300w, https:\/\/occitanie-gourmet.com\/wp-content\/uploads\/2023\/12\/charcuterie-1024x1024.png 1024w, https:\/\/occitanie-gourmet.com\/wp-content\/uploads\/2023\/12\/charcuterie-150x150.png 150w, https:\/\/occitanie-gourmet.com\/wp-content\/uploads\/2023\/12\/charcuterie-768x768.png 768w, https:\/\/occitanie-gourmet.com\/wp-content\/uploads\/2023\/12\/charcuterie-180x180.png 180w, https:\/\/occitanie-gourmet.com\/wp-content\/uploads\/2023\/12\/charcuterie-1536x1536.png 1536w, https:\/\/occitanie-gourmet.com\/wp-content\/uploads\/2023\/12\/charcuterie-2048x2048.png 2048w, https:\/\/occitanie-gourmet.com\/wp-content\/uploads\/2023\/12\/charcuterie-54x54.png 54w, https:\/\/occitanie-gourmet.com\/wp-content\/uploads\/2023\/12\/charcuterie-310x310.png 310w, https:\/\/occitanie-gourmet.com\/wp-content\/uploads\/2023\/12\/charcuterie-80x80.png 80w\" sizes=\"(max-width: 2160px) 100vw, 2160px\" \/><\/figure><div class=\"elementor-image-box-content\"><h1 class=\"elementor-image-box-title\">CHARCUTERIE <br>& PLATS CUISINES<\/h1><\/div><\/div>\t\t\t\t<\/div>\n\t\t\t\t<\/div>\n\t\t\t\t<\/div>\n\t\t<div class=\"elementor-element elementor-element-c8c7e89 e-con-full e-flex e-con e-child\" data-id=\"c8c7e89\" data-element_type=\"container\">\n\t\t\t\t<\/div>\n\t\t\t\t<\/div>\n\t\t<div class=\"elementor-element elementor-element-beee0eb e-con-full e-flex e-con e-parent\" data-id=\"beee0eb\" data-element_type=\"container\" data-settings=\"{&quot;background_background&quot;:&quot;classic&quot;}\">\n\t\t\t\t<div class=\"elementor-element elementor-element-cc1b8b8 elementor-widget-mobile__width-initial elementor-widget elementor-widget-heading\" data-id=\"cc1b8b8\" data-element_type=\"widget\" data-widget_type=\"heading.default\">\n\t\t\t\t<div class=\"elementor-widget-container\">\n\t\t\t\t\t<h2 class=\"elementor-heading-title elementor-size-default\">Retrouvez dans nos foies gras, charcuterie et plats cuisin\u00e9s le go\u00fbt et la g\u00e9n\u00e9rosit\u00e9 de notre r\u00e9gion Occitanie. <br>Ces produits de la terre gourmands bousculeront vos papilles.  <\/h2>\t\t\t\t<\/div>\n\t\t\t\t<\/div>\n\t\t\t\t<\/div>\n\t\t<div class=\"elementor-element elementor-element-f75ec0d e-con-full e-flex e-con e-parent\" data-id=\"f75ec0d\" data-element_type=\"container\">\n\t\t<div class=\"elementor-element elementor-element-ac857bf e-con-full e-flex e-con e-child\" data-id=\"ac857bf\" data-element_type=\"container\" data-settings=\"{&quot;background_background&quot;:&quot;classic&quot;}\">\n\t\t<div class=\"elementor-element elementor-element-2f1d6b2 e-flex e-con-boxed e-con e-child\" data-id=\"2f1d6b2\" data-element_type=\"container\">\n\t\t\t\t\t<div class=\"e-con-inner\">\n\t\t\t\t<div class=\"elementor-element elementor-element-78671ad elementor-widget-mobile__width-initial elementor-widget elementor-widget-image\" data-id=\"78671ad\" data-element_type=\"widget\" data-widget_type=\"image.default\">\n\t\t\t\t<div class=\"elementor-widget-container\">\n\t\t\t\t\t\t\t\t\t\t\t\t\t\t\t<img decoding=\"async\" width=\"269\" height=\"269\" src=\"https:\/\/occitanie-gourmet.com\/wp-content\/uploads\/2024\/01\/Picto-menu-FONTES.png\" class=\"attachment-large size-large wp-image-7021\" alt=\"LOGO FONTES ET FILS\" srcset=\"https:\/\/occitanie-gourmet.com\/wp-content\/uploads\/2024\/01\/Picto-menu-FONTES.png 269w, https:\/\/occitanie-gourmet.com\/wp-content\/uploads\/2024\/01\/Picto-menu-FONTES-150x150.png 150w, https:\/\/occitanie-gourmet.com\/wp-content\/uploads\/2024\/01\/Picto-menu-FONTES-180x180.png 180w, https:\/\/occitanie-gourmet.com\/wp-content\/uploads\/2024\/01\/Picto-menu-FONTES-54x54.png 54w, https:\/\/occitanie-gourmet.com\/wp-content\/uploads\/2024\/01\/Picto-menu-FONTES-80x80.png 80w\" sizes=\"(max-width: 269px) 100vw, 269px\" \/>\t\t\t\t\t\t\t\t\t\t\t\t\t\t\t<\/div>\n\t\t\t\t<\/div>\n\t\t\t\t\t<\/div>\n\t\t\t\t<\/div>\n\t\t<div class=\"elementor-element elementor-element-8d99d4c e-flex e-con-boxed e-con e-child\" data-id=\"8d99d4c\" data-element_type=\"container\">\n\t\t\t\t\t<div class=\"e-con-inner\">\n\t\t\t\t<div class=\"elementor-element elementor-element-7172025 elementor-widget-mobile__width-initial elementor-widget elementor-widget-heading\" data-id=\"7172025\" data-element_type=\"widget\" data-widget_type=\"heading.default\">\n\t\t\t\t<div class=\"elementor-widget-container\">\n\t\t\t\t\t<h2 class=\"elementor-heading-title elementor-size-default\">FONt\u00e8s et fils<\/h2>\t\t\t\t<\/div>\n\t\t\t\t<\/div>\n\t\t\t\t\t<\/div>\n\t\t\t\t<\/div>\n\t\t<div class=\"elementor-element elementor-element-2ef6e3d e-flex e-con-boxed e-con e-child\" data-id=\"2ef6e3d\" data-element_type=\"container\">\n\t\t\t\t\t<div class=\"e-con-inner\">\n\t\t\t\t<div class=\"elementor-element elementor-element-84abf03 elementor-widget__width-initial elementor-widget-mobile__width-initial elementor-widget elementor-widget-text-editor\" data-id=\"84abf03\" data-element_type=\"widget\" data-widget_type=\"text-editor.default\">\n\t\t\t\t<div class=\"elementor-widget-container\">\n\t\t\t\t\t\t\t\t\t<p>Entreprise \u00ab du patrimoine vivant \u00bb, elle perp\u00e9tue la tradition en redonnant vie aux recettes de grands-m\u00e8res et \u00e0 la charcuterie de porc \u00ab Galavard de Terrefort \u00bb. <br \/>100% made in Ari\u00e8ge !<\/p>\t\t\t\t\t\t\t\t<\/div>\n\t\t\t\t<\/div>\n\t\t\t\t\t<\/div>\n\t\t\t\t<\/div>\n\t\t<div class=\"elementor-element elementor-element-afbce93 e-flex e-con-boxed e-con e-child\" data-id=\"afbce93\" data-element_type=\"container\">\n\t\t\t\t\t<div class=\"e-con-inner\">\n\t\t\t\t<div class=\"elementor-element elementor-element-1bbddc4 elementor-widget elementor-widget-button\" data-id=\"1bbddc4\" data-element_type=\"widget\" data-widget_type=\"button.default\">\n\t\t\t\t<div class=\"elementor-widget-container\">\n\t\t\t\t\t\t\t\t\t<div class=\"elementor-button-wrapper\">\n\t\t\t\t\t<a class=\"elementor-button elementor-button-link elementor-size-xs\" href=\"https:\/\/occitanie-gourmet.com\/fontes-et-fils\/\">\n\t\t\t\t\t\t<span class=\"elementor-button-content-wrapper\">\n\t\t\t\t\t\t\t\t\t<span class=\"elementor-button-text\">En savoir plus<\/span>\n\t\t\t\t\t<\/span>\n\t\t\t\t\t<\/a>\n\t\t\t\t<\/div>\n\t\t\t\t\t\t\t\t<\/div>\n\t\t\t\t<\/div>\n\t\t\t\t\t<\/div>\n\t\t\t\t<\/div>\n\t\t\t\t<\/div>\n\t\t<div class=\"elementor-element elementor-element-20f7afd e-con-full e-flex e-con e-child\" data-id=\"20f7afd\" data-element_type=\"container\">\n\t\t\t\t<div class=\"elementor-element elementor-element-5987366 elementor-widget elementor-widget-image\" data-id=\"5987366\" data-element_type=\"widget\" data-widget_type=\"image.default\">\n\t\t\t\t<div class=\"elementor-widget-container\">\n\t\t\t\t\t\t\t\t\t\t\t\t\t\t\t<img decoding=\"async\" width=\"1200\" height=\"800\" src=\"https:\/\/occitanie-gourmet.com\/wp-content\/uploads\/2024\/02\/fontes-plats.jpg\" class=\"attachment-full size-full wp-image-9393\" alt=\"Plats de FONTES et FILS\" srcset=\"https:\/\/occitanie-gourmet.com\/wp-content\/uploads\/2024\/02\/fontes-plats.jpg 1200w, https:\/\/occitanie-gourmet.com\/wp-content\/uploads\/2024\/02\/fontes-plats-300x200.jpg 300w, https:\/\/occitanie-gourmet.com\/wp-content\/uploads\/2024\/02\/fontes-plats-1024x683.jpg 1024w, https:\/\/occitanie-gourmet.com\/wp-content\/uploads\/2024\/02\/fontes-plats-768x512.jpg 768w\" sizes=\"(max-width: 1200px) 100vw, 1200px\" \/>\t\t\t\t\t\t\t\t\t\t\t\t\t\t\t<\/div>\n\t\t\t\t<\/div>\n\t\t\t\t<\/div>\n\t\t\t\t<\/div>\n\t\t<div class=\"elementor-element elementor-element-df87d25 e-con-full e-flex e-con e-parent\" data-id=\"df87d25\" data-element_type=\"container\">\n\t\t<div class=\"elementor-element elementor-element-6dc9fe4 e-con-full e-flex e-con e-child\" data-id=\"6dc9fe4\" data-element_type=\"container\">\n\t\t\t\t<div class=\"elementor-element elementor-element-7738e72 elementor-widget-laptop__width-inherit elementor-widget elementor-widget-image\" data-id=\"7738e72\" data-element_type=\"widget\" data-widget_type=\"image.default\">\n\t\t\t\t<div class=\"elementor-widget-container\">\n\t\t\t\t\t\t\t\t\t\t\t\t\t\t\t<img loading=\"lazy\" decoding=\"async\" width=\"1200\" height=\"800\" src=\"https:\/\/occitanie-gourmet.com\/wp-content\/uploads\/2024\/01\/MaISON_PATIGNAC.jpg\" class=\"attachment-full size-full wp-image-7289\" alt=\"\" srcset=\"https:\/\/occitanie-gourmet.com\/wp-content\/uploads\/2024\/01\/MaISON_PATIGNAC.jpg 1200w, https:\/\/occitanie-gourmet.com\/wp-content\/uploads\/2024\/01\/MaISON_PATIGNAC-300x200.jpg 300w, https:\/\/occitanie-gourmet.com\/wp-content\/uploads\/2024\/01\/MaISON_PATIGNAC-1024x683.jpg 1024w, https:\/\/occitanie-gourmet.com\/wp-content\/uploads\/2024\/01\/MaISON_PATIGNAC-768x512.jpg 768w\" sizes=\"(max-width: 1200px) 100vw, 1200px\" \/>\t\t\t\t\t\t\t\t\t\t\t\t\t\t\t<\/div>\n\t\t\t\t<\/div>\n\t\t\t\t<\/div>\n\t\t<div class=\"elementor-element elementor-element-5d88dbe e-con-full e-flex e-con e-child\" data-id=\"5d88dbe\" data-element_type=\"container\" data-settings=\"{&quot;background_background&quot;:&quot;classic&quot;}\">\n\t\t<div class=\"elementor-element elementor-element-59b539b e-flex e-con-boxed e-con e-child\" data-id=\"59b539b\" data-element_type=\"container\">\n\t\t\t\t\t<div class=\"e-con-inner\">\n\t\t\t\t<div class=\"elementor-element elementor-element-32917c2 elementor-widget elementor-widget-image\" data-id=\"32917c2\" data-element_type=\"widget\" data-widget_type=\"image.default\">\n\t\t\t\t<div class=\"elementor-widget-container\">\n\t\t\t\t\t\t\t\t\t\t\t\t\t\t\t<img loading=\"lazy\" decoding=\"async\" width=\"269\" height=\"269\" src=\"https:\/\/occitanie-gourmet.com\/wp-content\/uploads\/2024\/01\/Picto-menu-Patignac.png\" class=\"attachment-large size-large wp-image-7018\" alt=\"logo maison patignac\" srcset=\"https:\/\/occitanie-gourmet.com\/wp-content\/uploads\/2024\/01\/Picto-menu-Patignac.png 269w, https:\/\/occitanie-gourmet.com\/wp-content\/uploads\/2024\/01\/Picto-menu-Patignac-150x150.png 150w, https:\/\/occitanie-gourmet.com\/wp-content\/uploads\/2024\/01\/Picto-menu-Patignac-180x180.png 180w, https:\/\/occitanie-gourmet.com\/wp-content\/uploads\/2024\/01\/Picto-menu-Patignac-54x54.png 54w, https:\/\/occitanie-gourmet.com\/wp-content\/uploads\/2024\/01\/Picto-menu-Patignac-80x80.png 80w\" sizes=\"(max-width: 269px) 100vw, 269px\" \/>\t\t\t\t\t\t\t\t\t\t\t\t\t\t\t<\/div>\n\t\t\t\t<\/div>\n\t\t\t\t\t<\/div>\n\t\t\t\t<\/div>\n\t\t<div class=\"elementor-element elementor-element-c07d2aa e-flex e-con-boxed e-con e-child\" data-id=\"c07d2aa\" data-element_type=\"container\">\n\t\t\t\t\t<div class=\"e-con-inner\">\n\t\t\t\t<div class=\"elementor-element elementor-element-bc70960 elementor-widget-mobile__width-initial elementor-widget elementor-widget-heading\" data-id=\"bc70960\" data-element_type=\"widget\" data-widget_type=\"heading.default\">\n\t\t\t\t<div class=\"elementor-widget-container\">\n\t\t\t\t\t<h2 class=\"elementor-heading-title elementor-size-default\">maison patignac<\/h2>\t\t\t\t<\/div>\n\t\t\t\t<\/div>\n\t\t\t\t\t<\/div>\n\t\t\t\t<\/div>\n\t\t<div class=\"elementor-element elementor-element-93b19ac e-flex e-con-boxed e-con e-child\" data-id=\"93b19ac\" data-element_type=\"container\">\n\t\t\t\t\t<div class=\"e-con-inner\">\n\t\t\t\t<div class=\"elementor-element elementor-element-e5593dd elementor-widget__width-initial elementor-widget-tablet__width-initial elementor-widget elementor-widget-text-editor\" data-id=\"e5593dd\" data-element_type=\"widget\" data-widget_type=\"text-editor.default\">\n\t\t\t\t<div class=\"elementor-widget-container\">\n\t\t\t\t\t\t\t\t\t<p>Maison familiale depuis plus de 50 ans, la conserverie cultive le go\u00fbt de l\u2019authentique et de la tradition tout en proposant de nouvelles gammes cr\u00e9atives, ap\u00e9ritives, v\u00e9g\u00e9tarienne et bio qui feront danser vos papilles !<\/p>\t\t\t\t\t\t\t\t<\/div>\n\t\t\t\t<\/div>\n\t\t\t\t\t<\/div>\n\t\t\t\t<\/div>\n\t\t<div class=\"elementor-element elementor-element-f228c94 e-flex e-con-boxed e-con e-child\" data-id=\"f228c94\" data-element_type=\"container\">\n\t\t\t\t\t<div class=\"e-con-inner\">\n\t\t\t\t<div class=\"elementor-element elementor-element-1357a0a elementor-widget elementor-widget-button\" data-id=\"1357a0a\" data-element_type=\"widget\" data-widget_type=\"button.default\">\n\t\t\t\t<div class=\"elementor-widget-container\">\n\t\t\t\t\t\t\t\t\t<div class=\"elementor-button-wrapper\">\n\t\t\t\t\t<a class=\"elementor-button elementor-button-link elementor-size-xs\" href=\"https:\/\/occitanie-gourmet.com\/maison-patignac\/\">\n\t\t\t\t\t\t<span class=\"elementor-button-content-wrapper\">\n\t\t\t\t\t\t\t\t\t<span class=\"elementor-button-text\">En savoir plus<\/span>\n\t\t\t\t\t<\/span>\n\t\t\t\t\t<\/a>\n\t\t\t\t<\/div>\n\t\t\t\t\t\t\t\t<\/div>\n\t\t\t\t<\/div>\n\t\t\t\t\t<\/div>\n\t\t\t\t<\/div>\n\t\t\t\t<\/div>\n\t\t\t\t<\/div>\n\t\t\t\t<\/div>\n\t\t","protected":false},"excerpt":{"rendered":"<p>CHARCUTERIE &#038; PLATS CUISINES Retrouvez dans nos foies gras, charcuterie et plats cuisin\u00e9s le go\u00fbt et la g\u00e9n\u00e9rosit\u00e9 de notre r\u00e9gion Occitanie. Ces produits de la terre gourmands bousculeront vos papilles. FONt\u00e8s et fils Entreprise \u00ab du patrimoine vivant \u00bb, elle perp\u00e9tue la tradition en redonnant vie aux recettes de grands-m\u00e8res et \u00e0 la charcuterie [&hellip;]<\/p>\n","protected":false},"author":2,"featured_media":0,"parent":0,"menu_order":0,"comment_status":"closed","ping_status":"closed","template":"","meta":{"footnotes":""},"class_list":["post-10810","page","type-page","status-publish","hentry"],"yoast_head":"<!-- This site is optimized with the Yoast SEO plugin v25.5 - https:\/\/yoast.com\/wordpress\/plugins\/seo\/ -->\n<title>Charcuterie et plats cuisin\u00e9s - Occitanie Gourmet<\/title>\n<meta name=\"robots\" content=\"index, follow, max-snippet:-1, max-image-preview:large, max-video-preview:-1\" \/>\n<link rel=\"canonical\" href=\"https:\/\/occitanie-gourmet.com\/fr\/charcuterie-et-plats-cuisines\/\" \/>\n<meta property=\"og:locale\" content=\"fr_FR\" \/>\n<meta property=\"og:type\" content=\"article\" \/>\n<meta property=\"og:title\" content=\"Charcuterie et plats cuisin\u00e9s - Occitanie Gourmet\" \/>\n<meta property=\"og:description\" content=\"CHARCUTERIE &#038; PLATS CUISINES Retrouvez dans nos foies gras, charcuterie et plats cuisin\u00e9s le go\u00fbt et la g\u00e9n\u00e9rosit\u00e9 de notre r\u00e9gion Occitanie. Ces produits de la terre gourmands bousculeront vos papilles. FONt\u00e8s et fils Entreprise \u00ab du patrimoine vivant \u00bb, elle perp\u00e9tue la tradition en redonnant vie aux recettes de grands-m\u00e8res et \u00e0 la charcuterie [&hellip;]\" \/>\n<meta property=\"og:url\" content=\"https:\/\/occitanie-gourmet.com\/fr\/charcuterie-et-plats-cuisines\/\" \/>\n<meta property=\"og:site_name\" content=\"Occitanie Gourmet\" \/>\n<meta property=\"article:modified_time\" content=\"2024-03-26T11:32:11+00:00\" \/>\n<meta property=\"og:image\" content=\"https:\/\/occitanie-gourmet.com\/wp-content\/uploads\/2023\/12\/charcuterie.png\" \/>\n<meta name=\"twitter:card\" content=\"summary_large_image\" \/>\n<meta name=\"twitter:label1\" content=\"Dur\u00e9e de lecture estim\u00e9e\" \/>\n\t<meta name=\"twitter:data1\" content=\"2 minutes\" \/>\n<script type=\"application\/ld+json\" class=\"yoast-schema-graph\">{\"@context\":\"https:\/\/schema.org\",\"@graph\":[{\"@type\":\"WebPage\",\"@id\":\"https:\/\/occitanie-gourmet.com\/fr\/charcuterie-et-plats-cuisines\/\",\"url\":\"https:\/\/occitanie-gourmet.com\/fr\/charcuterie-et-plats-cuisines\/\",\"name\":\"Charcuterie et plats cuisin\u00e9s - Occitanie Gourmet\",\"isPartOf\":{\"@id\":\"https:\/\/occitanie-gourmet.com\/fr\/#website\"},\"primaryImageOfPage\":{\"@id\":\"https:\/\/occitanie-gourmet.com\/fr\/charcuterie-et-plats-cuisines\/#primaryimage\"},\"image\":{\"@id\":\"https:\/\/occitanie-gourmet.com\/fr\/charcuterie-et-plats-cuisines\/#primaryimage\"},\"thumbnailUrl\":\"https:\/\/occitanie-gourmet.com\/wp-content\/uploads\/2023\/12\/charcuterie.png\",\"datePublished\":\"2024-02-20T16:11:41+00:00\",\"dateModified\":\"2024-03-26T11:32:11+00:00\",\"breadcrumb\":{\"@id\":\"https:\/\/occitanie-gourmet.com\/fr\/charcuterie-et-plats-cuisines\/#breadcrumb\"},\"inLanguage\":\"fr-FR\",\"potentialAction\":[{\"@type\":\"ReadAction\",\"target\":[\"https:\/\/occitanie-gourmet.com\/fr\/charcuterie-et-plats-cuisines\/\"]}]},{\"@type\":\"ImageObject\",\"inLanguage\":\"fr-FR\",\"@id\":\"https:\/\/occitanie-gourmet.com\/fr\/charcuterie-et-plats-cuisines\/#primaryimage\",\"url\":\"https:\/\/occitanie-gourmet.com\/wp-content\/uploads\/2023\/12\/charcuterie.png\",\"contentUrl\":\"https:\/\/occitanie-gourmet.com\/wp-content\/uploads\/2023\/12\/charcuterie.png\"},{\"@type\":\"BreadcrumbList\",\"@id\":\"https:\/\/occitanie-gourmet.com\/fr\/charcuterie-et-plats-cuisines\/#breadcrumb\",\"itemListElement\":[{\"@type\":\"ListItem\",\"position\":1,\"name\":\"Accueil\",\"item\":\"https:\/\/occitanie-gourmet.com\/fr\/\"},{\"@type\":\"ListItem\",\"position\":2,\"name\":\"Charcuterie et plats cuisin\u00e9s\"}]},{\"@type\":\"WebSite\",\"@id\":\"https:\/\/occitanie-gourmet.com\/fr\/#website\",\"url\":\"https:\/\/occitanie-gourmet.com\/fr\/\",\"name\":\"Occitanie Gourmet\",\"description\":\"Producteurs d&#039;exception\",\"publisher\":{\"@id\":\"https:\/\/occitanie-gourmet.com\/fr\/#organization\"},\"alternateName\":\"Occitanie Gourmet\",\"potentialAction\":[{\"@type\":\"SearchAction\",\"target\":{\"@type\":\"EntryPoint\",\"urlTemplate\":\"https:\/\/occitanie-gourmet.com\/fr\/?s={search_term_string}\"},\"query-input\":{\"@type\":\"PropertyValueSpecification\",\"valueRequired\":true,\"valueName\":\"search_term_string\"}}],\"inLanguage\":\"fr-FR\"},{\"@type\":\"Organization\",\"@id\":\"https:\/\/occitanie-gourmet.com\/fr\/#organization\",\"name\":\"Occitanie Gourmet\",\"url\":\"https:\/\/occitanie-gourmet.com\/fr\/\",\"logo\":{\"@type\":\"ImageObject\",\"inLanguage\":\"fr-FR\",\"@id\":\"https:\/\/occitanie-gourmet.com\/fr\/#\/schema\/logo\/image\/\",\"url\":\"https:\/\/occitanie-gourmet.com\/wp-content\/uploads\/2021\/01\/logo-entier-sanguine.png\",\"contentUrl\":\"https:\/\/occitanie-gourmet.com\/wp-content\/uploads\/2021\/01\/logo-entier-sanguine.png\",\"width\":159,\"height\":100,\"caption\":\"Occitanie Gourmet\"},\"image\":{\"@id\":\"https:\/\/occitanie-gourmet.com\/fr\/#\/schema\/logo\/image\/\"},\"sameAs\":[\"https:\/\/www.linkedin.com\/company\/occitanie-gourmet\/\"]}]}<\/script>\n<!-- \/ Yoast SEO plugin. -->","yoast_head_json":{"title":"Charcuterie et plats cuisin\u00e9s - Occitanie Gourmet","robots":{"index":"index","follow":"follow","max-snippet":"max-snippet:-1","max-image-preview":"max-image-preview:large","max-video-preview":"max-video-preview:-1"},"canonical":"https:\/\/occitanie-gourmet.com\/fr\/charcuterie-et-plats-cuisines\/","og_locale":"fr_FR","og_type":"article","og_title":"Charcuterie et plats cuisin\u00e9s - Occitanie Gourmet","og_description":"CHARCUTERIE &#038; PLATS CUISINES Retrouvez dans nos foies gras, charcuterie et plats cuisin\u00e9s le go\u00fbt et la g\u00e9n\u00e9rosit\u00e9 de notre r\u00e9gion Occitanie. Ces produits de la terre gourmands bousculeront vos papilles. FONt\u00e8s et fils Entreprise \u00ab du patrimoine vivant \u00bb, elle perp\u00e9tue la tradition en redonnant vie aux recettes de grands-m\u00e8res et \u00e0 la charcuterie [&hellip;]","og_url":"https:\/\/occitanie-gourmet.com\/fr\/charcuterie-et-plats-cuisines\/","og_site_name":"Occitanie Gourmet","article_modified_time":"2024-03-26T11:32:11+00:00","og_image":[{"url":"https:\/\/occitanie-gourmet.com\/wp-content\/uploads\/2023\/12\/charcuterie.png","type":"","width":"","height":""}],"twitter_card":"summary_large_image","twitter_misc":{"Dur\u00e9e de lecture estim\u00e9e":"2 minutes"},"schema":{"@context":"https:\/\/schema.org","@graph":[{"@type":"WebPage","@id":"https:\/\/occitanie-gourmet.com\/fr\/charcuterie-et-plats-cuisines\/","url":"https:\/\/occitanie-gourmet.com\/fr\/charcuterie-et-plats-cuisines\/","name":"Charcuterie et plats cuisin\u00e9s - Occitanie Gourmet","isPartOf":{"@id":"https:\/\/occitanie-gourmet.com\/fr\/#website"},"primaryImageOfPage":{"@id":"https:\/\/occitanie-gourmet.com\/fr\/charcuterie-et-plats-cuisines\/#primaryimage"},"image":{"@id":"https:\/\/occitanie-gourmet.com\/fr\/charcuterie-et-plats-cuisines\/#primaryimage"},"thumbnailUrl":"https:\/\/occitanie-gourmet.com\/wp-content\/uploads\/2023\/12\/charcuterie.png","datePublished":"2024-02-20T16:11:41+00:00","dateModified":"2024-03-26T11:32:11+00:00","breadcrumb":{"@id":"https:\/\/occitanie-gourmet.com\/fr\/charcuterie-et-plats-cuisines\/#breadcrumb"},"inLanguage":"fr-FR","potentialAction":[{"@type":"ReadAction","target":["https:\/\/occitanie-gourmet.com\/fr\/charcuterie-et-plats-cuisines\/"]}]},{"@type":"ImageObject","inLanguage":"fr-FR","@id":"https:\/\/occitanie-gourmet.com\/fr\/charcuterie-et-plats-cuisines\/#primaryimage","url":"https:\/\/occitanie-gourmet.com\/wp-content\/uploads\/2023\/12\/charcuterie.png","contentUrl":"https:\/\/occitanie-gourmet.com\/wp-content\/uploads\/2023\/12\/charcuterie.png"},{"@type":"BreadcrumbList","@id":"https:\/\/occitanie-gourmet.com\/fr\/charcuterie-et-plats-cuisines\/#breadcrumb","itemListElement":[{"@type":"ListItem","position":1,"name":"Accueil","item":"https:\/\/occitanie-gourmet.com\/fr\/"},{"@type":"ListItem","position":2,"name":"Charcuterie et plats cuisin\u00e9s"}]},{"@type":"WebSite","@id":"https:\/\/occitanie-gourmet.com\/fr\/#website","url":"https:\/\/occitanie-gourmet.com\/fr\/","name":"Occitanie Gourmet","description":"Producteurs d&#039;exception","publisher":{"@id":"https:\/\/occitanie-gourmet.com\/fr\/#organization"},"alternateName":"Occitanie Gourmet","potentialAction":[{"@type":"SearchAction","target":{"@type":"EntryPoint","urlTemplate":"https:\/\/occitanie-gourmet.com\/fr\/?s={search_term_string}"},"query-input":{"@type":"PropertyValueSpecification","valueRequired":true,"valueName":"search_term_string"}}],"inLanguage":"fr-FR"},{"@type":"Organization","@id":"https:\/\/occitanie-gourmet.com\/fr\/#organization","name":"Occitanie Gourmet","url":"https:\/\/occitanie-gourmet.com\/fr\/","logo":{"@type":"ImageObject","inLanguage":"fr-FR","@id":"https:\/\/occitanie-gourmet.com\/fr\/#\/schema\/logo\/image\/","url":"https:\/\/occitanie-gourmet.com\/wp-content\/uploads\/2021\/01\/logo-entier-sanguine.png","contentUrl":"https:\/\/occitanie-gourmet.com\/wp-content\/uploads\/2021\/01\/logo-entier-sanguine.png","width":159,"height":100,"caption":"Occitanie Gourmet"},"image":{"@id":"https:\/\/occitanie-gourmet.com\/fr\/#\/schema\/logo\/image\/"},"sameAs":["https:\/\/www.linkedin.com\/company\/occitanie-gourmet\/"]}]}},"_links":{"self":[{"href":"https:\/\/occitanie-gourmet.com\/fr\/wp-json\/wp\/v2\/pages\/10810","targetHints":{"allow":["GET"]}}],"collection":[{"href":"https:\/\/occitanie-gourmet.com\/fr\/wp-json\/wp\/v2\/pages"}],"about":[{"href":"https:\/\/occitanie-gourmet.com\/fr\/wp-json\/wp\/v2\/types\/page"}],"author":[{"embeddable":true,"href":"https:\/\/occitanie-gourmet.com\/fr\/wp-json\/wp\/v2\/users\/2"}],"replies":[{"embeddable":true,"href":"https:\/\/occitanie-gourmet.com\/fr\/wp-json\/wp\/v2\/comments?post=10810"}],"version-history":[{"count":180,"href":"https:\/\/occitanie-gourmet.com\/fr\/wp-json\/wp\/v2\/pages\/10810\/revisions"}],"predecessor-version":[{"id":16532,"href":"https:\/\/occitanie-gourmet.com\/fr\/wp-json\/wp\/v2\/pages\/10810\/revisions\/16532"}],"wp:attachment":[{"href":"https:\/\/occitanie-gourmet.com\/fr\/wp-json\/wp\/v2\/media?parent=10810"}],"curies":[{"name":"wp","href":"https:\/\/api.w.org\/{rel}","templated":true}]}}